{"id":703,"date":"2020-01-10T20:42:27","date_gmt":"2020-01-10T20:42:27","guid":{"rendered":"https:\/\/massageimaalov.dk\/?page_id=703"},"modified":"2026-01-31T19:25:03","modified_gmt":"2026-01-31T19:25:03","slug":"sportsmassage","status":"publish","type":"page","link":"https:\/\/massageimaalov.dk\/?page_id=703","title":{"rendered":"Sport &#8211; Sportsmassage"},"content":{"rendered":"<h2>Sportsmassage<\/h2>\t\t\n\t\t\t\t\t\t\t\t\t\t<img loading=\"lazy\" decoding=\"async\" width=\"610\" height=\"320\" src=\"https:\/\/massageimaalov.dk\/wp-content\/uploads\/2018\/07\/Sportsmassage-bill-forside.jpg\" alt=\"\" srcset=\"https:\/\/massageimaalov.dk\/wp-content\/uploads\/2018\/07\/Sportsmassage-bill-forside.jpg 610w, https:\/\/massageimaalov.dk\/wp-content\/uploads\/2018\/07\/Sportsmassage-bill-forside-300x157.jpg 300w\" sizes=\"auto, (max-width: 610px) 100vw, 610px\" \/>\t\t\t\t\t\t\t\t\t\t\t\n\t\t<h3>BLIV<strong> SMERTEFRI ! Dybdeg\u00e5ende massage, som hj\u00e6lper kroppen optimalt. Sportsmassage er for alle, og du kan bruge det b\u00e5de til behandling og forebyggelse<\/strong>.<\/h3><h3>Hvad er sportsmassage?<\/h3><p>Sportsmassage er massage rettet mod sportsud\u00f8vere og fokuserer p\u00e5 at forbedre deres pr\u00e6stationsevne. Sportsmassage kan hj\u00e6lpe med at forberede atleters forberedelse til en konkurrence, hj\u00e6lpe med at forbedre deres restitution eller hj\u00e6lpe dem med at overkomme skader. Sportsmassage tager udgangspunkt i fysiurgisk massage, som er den mest udbredte massageform i vesten.<\/p><h3>Hvilke former for sportsmassage findes der?<\/h3><p>Sportsmassage har til form\u00e5l at stimulere lymfesystemet og blodcirkulationen samt at reducere sp\u00e6ndinger i musklerne. Selvom behandlingsformen i f\u00f8rste omgang blev udviklet til at behandle sportsskader og forberede atleter til at yde deres bedste under konkurrence, kan alle drage fordel af sportsmassage. Denne massageform er fokuseret p\u00e5 forebyggelse og helbredelse af skader p\u00e5 sener og muskler.<\/p><h3>Der er typisk fire typer af sport massage:<\/h3><p><b>Restorative sportsmassage <\/b>\u2013 det bliver \u201cbrugt\u201d som hverdagsmassage for sportsud\u00f8ver, da det muligg\u00f8re at de kan tr\u00e6ne h\u00e5rdere med f\u00e6rre skader<br \/><br \/><b>Rehabiliterende sportsmassage<\/b> \u2013 det bruges efter en skade og form\u00e5let med massagen er at reducere smerter og forbedre den naturlige helingsproces<br \/><br \/>I<b>nden konkurrence sportsmassage<\/b> \u2013 det er stimulerende massage, som normalt gives dagen f\u00f8r en konkurrence, til at give ro i kroppen og fjerne evt. myoser som kan genere.<br \/><br \/><b>Efter konkurrence sportsmassage<\/b> \u2013 denne massage gives efter at kroppen har v\u00e6ret presset i konkurrence for at hj\u00e6lpe kroppen med at restituere.<br \/><br \/><\/p><h3>Hvorfor v\u00e6lge sportsmassage?<\/h3><p>For det f\u00f8rste er sportsmassage det rigtige valg for dig, hvis du har et specifikt problem s\u00e5som seneskedehindebet\u00e6ndelse, l\u00f8berkn\u00e6, tennisalbue eller skinnebensbet\u00e6ndelse.<br \/><br \/>Sportsmassage bliver ofte brugt af sportsud\u00f8ver til at lindre eller forhindre muskel\u00f8mhed efter tr\u00e6ning. Muskelsmerter og \u00f8mhed efter tr\u00e6ning begynder normalt mellem 12 og 24 timer endt tr\u00e6ning, og topper mellem 24 til 72 timer efter tr\u00e6ning er afsluttet. Ved at stimulere lymfesystemet og blodcirkulation i kroppen kan sportsmassage formindske muskeltr\u00e6thed samt forsinke og reducere muskel\u00f8mhed.<br \/><br \/><\/p><p>\u00a0<\/p>","protected":false},"excerpt":{"rendered":"<p>Sportsmassage BLIV SMERTEFRI ! Dybdeg\u00e5ende massage, som hj\u00e6lper kroppen optimalt. Sportsmassage er for alle, og du kan bruge det b\u00e5de til behandling og forebyggelse. Hvad er sportsmassage? Sportsmassage er massage rettet mod sportsud\u00f8vere og fokuserer p\u00e5 at forbedre deres pr\u00e6stationsevne. Sportsmassage kan hj\u00e6lpe med at forberede atleters forberedelse til en konkurrence, hj\u00e6lpe med at forbedre [&#8230;]\n","protected":false},"author":1,"featured_media":0,"parent":0,"menu_order":0,"comment_status":"closed","ping_status":"closed","template":"","meta":{"footnotes":""},"class_list":["post-703","page","type-page","status-publish","hentry"],"yoast_head":"<!-- This site is optimized with the Yoast SEO Premium plugin v26.7 (Yoast SEO v26.7) - https:\/\/yoast.com\/wordpress\/plugins\/seo\/ -->\n<title>Sportsmassage<\/title>\n<meta name=\"robots\" content=\"index, follow, max-snippet:-1, max-image-preview:large, max-video-preview:-1\" \/>\n<link rel=\"canonical\" href=\"https:\/\/massageimaalov.dk\/?page_id=703\" \/>\n<meta property=\"og:locale\" content=\"da_DK\" \/>\n<meta property=\"og:type\" content=\"article\" \/>\n<meta property=\"og:title\" content=\"Sport - Sportsmassage\" \/>\n<meta property=\"og:description\" content=\"Sportsmassage BLIV SMERTEFRI ! Dybdeg\u00e5ende massage, som hj\u00e6lper kroppen optimalt. Sportsmassage er for alle, og du kan bruge det b\u00e5de til behandling og forebyggelse. Hvad er sportsmassage? Sportsmassage er massage rettet mod sportsud\u00f8vere og fokuserer p\u00e5 at forbedre deres pr\u00e6stationsevne. Sportsmassage kan hj\u00e6lpe med at forberede atleters forberedelse til en konkurrence, hj\u00e6lpe med at forbedre [...]\" \/>\n<meta property=\"og:url\" content=\"https:\/\/massageimaalov.dk\/?page_id=703\" \/>\n<meta property=\"article:modified_time\" content=\"2026-01-31T19:25:03+00:00\" \/>\n<meta property=\"og:image\" content=\"https:\/\/massageimaalov.dk\/wp-content\/uploads\/2018\/07\/Sportsmassage-bill-forside.jpg\" \/>\n<meta name=\"twitter:card\" content=\"summary_large_image\" \/>\n<meta name=\"twitter:label1\" content=\"Estimeret l\u00e6setid\" \/>\n\t<meta name=\"twitter:data1\" content=\"2 minutter\" \/>\n<script type=\"application\/ld+json\" class=\"yoast-schema-graph\">{\"@context\":\"https:\/\/schema.org\",\"@graph\":[{\"@type\":\"WebPage\",\"@id\":\"https:\/\/massageimaalov.dk\/?page_id=703\",\"url\":\"https:\/\/massageimaalov.dk\/?page_id=703\",\"name\":\"Sportsmassage\",\"isPartOf\":{\"@id\":\"https:\/\/massageimaalov.dk\/#website\"},\"primaryImageOfPage\":{\"@id\":\"https:\/\/massageimaalov.dk\/?page_id=703#primaryimage\"},\"image\":{\"@id\":\"https:\/\/massageimaalov.dk\/?page_id=703#primaryimage\"},\"thumbnailUrl\":\"https:\/\/massageimaalov.dk\/wp-content\/uploads\/2018\/07\/Sportsmassage-bill-forside.jpg\",\"datePublished\":\"2020-01-10T20:42:27+00:00\",\"dateModified\":\"2026-01-31T19:25:03+00:00\",\"breadcrumb\":{\"@id\":\"https:\/\/massageimaalov.dk\/?page_id=703#breadcrumb\"},\"inLanguage\":\"da-DK\",\"potentialAction\":[{\"@type\":\"ReadAction\",\"target\":[\"https:\/\/massageimaalov.dk\/?page_id=703\"]}]},{\"@type\":\"ImageObject\",\"inLanguage\":\"da-DK\",\"@id\":\"https:\/\/massageimaalov.dk\/?page_id=703#primaryimage\",\"url\":\"https:\/\/massageimaalov.dk\/wp-content\/uploads\/2018\/07\/Sportsmassage-bill-forside.jpg\",\"contentUrl\":\"https:\/\/massageimaalov.dk\/wp-content\/uploads\/2018\/07\/Sportsmassage-bill-forside.jpg\",\"width\":610,\"height\":320},{\"@type\":\"BreadcrumbList\",\"@id\":\"https:\/\/massageimaalov.dk\/?page_id=703#breadcrumb\",\"itemListElement\":[{\"@type\":\"ListItem\",\"position\":1,\"name\":\"Hjem\",\"item\":\"https:\/\/massageimaalov.dk\/\"},{\"@type\":\"ListItem\",\"position\":2,\"name\":\"Sport &#8211; Sportsmassage\"}]},{\"@type\":\"WebSite\",\"@id\":\"https:\/\/massageimaalov.dk\/#website\",\"url\":\"https:\/\/massageimaalov.dk\/\",\"name\":\"M\u00e5l\u00f8v Muskel Massage\",\"description\":\"\",\"potentialAction\":[{\"@type\":\"SearchAction\",\"target\":{\"@type\":\"EntryPoint\",\"urlTemplate\":\"https:\/\/massageimaalov.dk\/?s={search_term_string}\"},\"query-input\":{\"@type\":\"PropertyValueSpecification\",\"valueRequired\":true,\"valueName\":\"search_term_string\"}}],\"inLanguage\":\"da-DK\"}]}<\/script>\n<!-- \/ Yoast SEO Premium plugin. -->","yoast_head_json":{"title":"Sportsmassage","robots":{"index":"index","follow":"follow","max-snippet":"max-snippet:-1","max-image-preview":"max-image-preview:large","max-video-preview":"max-video-preview:-1"},"canonical":"https:\/\/massageimaalov.dk\/?page_id=703","og_locale":"da_DK","og_type":"article","og_title":"Sport - Sportsmassage","og_description":"Sportsmassage BLIV SMERTEFRI ! Dybdeg\u00e5ende massage, som hj\u00e6lper kroppen optimalt. Sportsmassage er for alle, og du kan bruge det b\u00e5de til behandling og forebyggelse. Hvad er sportsmassage? Sportsmassage er massage rettet mod sportsud\u00f8vere og fokuserer p\u00e5 at forbedre deres pr\u00e6stationsevne. Sportsmassage kan hj\u00e6lpe med at forberede atleters forberedelse til en konkurrence, hj\u00e6lpe med at forbedre [...]","og_url":"https:\/\/massageimaalov.dk\/?page_id=703","article_modified_time":"2026-01-31T19:25:03+00:00","og_image":[{"url":"https:\/\/massageimaalov.dk\/wp-content\/uploads\/2018\/07\/Sportsmassage-bill-forside.jpg","type":"","width":"","height":""}],"twitter_card":"summary_large_image","twitter_misc":{"Estimeret l\u00e6setid":"2 minutter"},"schema":{"@context":"https:\/\/schema.org","@graph":[{"@type":"WebPage","@id":"https:\/\/massageimaalov.dk\/?page_id=703","url":"https:\/\/massageimaalov.dk\/?page_id=703","name":"Sportsmassage","isPartOf":{"@id":"https:\/\/massageimaalov.dk\/#website"},"primaryImageOfPage":{"@id":"https:\/\/massageimaalov.dk\/?page_id=703#primaryimage"},"image":{"@id":"https:\/\/massageimaalov.dk\/?page_id=703#primaryimage"},"thumbnailUrl":"https:\/\/massageimaalov.dk\/wp-content\/uploads\/2018\/07\/Sportsmassage-bill-forside.jpg","datePublished":"2020-01-10T20:42:27+00:00","dateModified":"2026-01-31T19:25:03+00:00","breadcrumb":{"@id":"https:\/\/massageimaalov.dk\/?page_id=703#breadcrumb"},"inLanguage":"da-DK","potentialAction":[{"@type":"ReadAction","target":["https:\/\/massageimaalov.dk\/?page_id=703"]}]},{"@type":"ImageObject","inLanguage":"da-DK","@id":"https:\/\/massageimaalov.dk\/?page_id=703#primaryimage","url":"https:\/\/massageimaalov.dk\/wp-content\/uploads\/2018\/07\/Sportsmassage-bill-forside.jpg","contentUrl":"https:\/\/massageimaalov.dk\/wp-content\/uploads\/2018\/07\/Sportsmassage-bill-forside.jpg","width":610,"height":320},{"@type":"BreadcrumbList","@id":"https:\/\/massageimaalov.dk\/?page_id=703#breadcrumb","itemListElement":[{"@type":"ListItem","position":1,"name":"Hjem","item":"https:\/\/massageimaalov.dk\/"},{"@type":"ListItem","position":2,"name":"Sport &#8211; Sportsmassage"}]},{"@type":"WebSite","@id":"https:\/\/massageimaalov.dk\/#website","url":"https:\/\/massageimaalov.dk\/","name":"M\u00e5l\u00f8v Muskel Massage","description":"","potentialAction":[{"@type":"SearchAction","target":{"@type":"EntryPoint","urlTemplate":"https:\/\/massageimaalov.dk\/?s={search_term_string}"},"query-input":{"@type":"PropertyValueSpecification","valueRequired":true,"valueName":"search_term_string"}}],"inLanguage":"da-DK"}]}},"_links":{"self":[{"href":"https:\/\/massageimaalov.dk\/index.php?rest_route=\/wp\/v2\/pages\/703","targetHints":{"allow":["GET"]}}],"collection":[{"href":"https:\/\/massageimaalov.dk\/index.php?rest_route=\/wp\/v2\/pages"}],"about":[{"href":"https:\/\/massageimaalov.dk\/index.php?rest_route=\/wp\/v2\/types\/page"}],"author":[{"embeddable":true,"href":"https:\/\/massageimaalov.dk\/index.php?rest_route=\/wp\/v2\/users\/1"}],"replies":[{"embeddable":true,"href":"https:\/\/massageimaalov.dk\/index.php?rest_route=%2Fwp%2Fv2%2Fcomments&post=703"}],"version-history":[{"count":22,"href":"https:\/\/massageimaalov.dk\/index.php?rest_route=\/wp\/v2\/pages\/703\/revisions"}],"predecessor-version":[{"id":3364,"href":"https:\/\/massageimaalov.dk\/index.php?rest_route=\/wp\/v2\/pages\/703\/revisions\/3364"}],"wp:attachment":[{"href":"https:\/\/massageimaalov.dk\/index.php?rest_route=%2Fwp%2Fv2%2Fmedia&parent=703"}],"curies":[{"name":"wp","href":"https:\/\/api.w.org\/{rel}","templated":true}]}}