{"id":568,"date":"2019-12-26T18:10:37","date_gmt":"2019-12-26T18:10:37","guid":{"rendered":"https:\/\/massageimaalov.dk\/?page_id=568"},"modified":"2019-12-29T18:53:22","modified_gmt":"2019-12-29T18:53:22","slug":"terapeutisk-laserterapi","status":"publish","type":"page","link":"https:\/\/massageimaalov.dk\/?page_id=568","title":{"rendered":"Laserterapi"},"content":{"rendered":"<h3>Hvad er laserterapi<\/h3>\n<p>Med laserbehandlingen overf\u00f8res energien fra laserlyset til kroppens celler, hvor det kan benyttes som br\u00e6ndstof og giver muskelcellen energi til at arbejde. Cellerne f\u00e5r derved energi til at udf\u00f8re alle de opgaver, som de er programmeret til, heriblandt kroppens naturlige helingsproces. Vores krop kan hele sig selv i n\u00e6rmest alle henseender, hvis vi blot giver den de rette betingelser herfor.&nbsp;<\/p>\n<h1>Hvorfor bruge laserterapi<\/h1>\n<p>Laserterapi accelererer den naturlige helings proces og reducerer derved helingstiden \u2013 typisk fra uger til dage, med op til 75 %<\/p>\n<p><img loading=\"lazy\" decoding=\"async\" width=\"600\" height=\"400\" src=\"https:\/\/massageimaalov.dk\/wp-content\/uploads\/2019\/12\/bill.-powerlaser-2.PNG.jpg\" alt=\"\" srcset=\"https:\/\/massageimaalov.dk\/wp-content\/uploads\/2019\/12\/bill.-powerlaser-2.PNG.jpg 600w, https:\/\/massageimaalov.dk\/wp-content\/uploads\/2019\/12\/bill.-powerlaser-2.PNG-300x200.jpg 300w, https:\/\/massageimaalov.dk\/wp-content\/uploads\/2019\/12\/bill.-powerlaser-2.PNG-272x182.jpg 272w\" sizes=\"auto, (max-width: 600px) 100vw, 600px\"><\/p>\n<h1>Hvor kan laserterapi anvendes:<\/h1>\n<h1>Akutte skader:<\/h1>\n<p><b>Forstuvning, br\u00e6kkede knogler, fiberspr\u00e6ngning og vabler.<\/b><\/p>\n<h1>Overbelastningsaksder:<\/h1>\n<p><b>Senebet\u00e6ndelse, l\u00e6ndesmerter, h\u00e6lspore, tennisalbue, frossen skulder og golfarm<\/b><\/p>\n<h1>Kroniske tilstande:<\/h1>\n<p><b>Ledde- og slidgigt samt piskesm\u00e6ld<\/b><\/p>\n<h1>Overfladeproblemer.<\/h1>\n<p><b>Eksem, fork\u00f8lelsess\u00e5r, alm. s\u00e5r og vorter.<\/b><\/p>\n<p><b>Fedtknuder, seneknuder, brands\u00e5r, bihulebet\u00e6ndelse, arv\u00e6v.<\/b><\/p>\n<h1>Laser NORMALISERER<\/h1>\n<p>Ved ensartet gentagne bev\u00e6gelser overbelastes v\u00e6vet og der opst\u00e5r en reaktion i form af en inflammation. Dette g\u00e6lder f. eks. tennisalbue, golfalbue og musearm. Laserterapi d\u00e6mper og normaliserer den overreaktion, som inflammationen er udtryk for<\/p>\n<h1>Laser LINDRER<\/h1>\n<p>Laserterapi stimulerer dannelsen af endorfiner, som virker naturligt smertestillende. Desuden d\u00e6mpes v\u00e6vets reaktion ved autoimmune reaktioner. Ved f.eks. mindre brands\u00e5r forsvinder smerten n\u00e6sten \u00f8jeblikkeligt.<\/p>\n<h1>Laser STYRKER<\/h1>\n<p>Det naturlige immunforsvar styrkes og medvirker dermed til at bek\u00e6mpe bet\u00e6ndelsestilstande s\u00e6rdeles effektivt. Derfor heler ellers uhelbredelige skinnebenss\u00e5r p\u00e5 f\u00e5 uger. Virusangreb s\u00e5som herpes simplex (fork\u00f8lelsess\u00e5r) bek\u00e6mpes lige s\u00e5 effektivt, f\u00e5 behandling n\u00e5r det prikker og stikker i huden (tit dagen f\u00f8r). Behandlingen er ofte s\u00e5 effektivt, at udbruddet aldrig kommer igen.<\/p>\n<h1>Laser STIMULERER<\/h1>\n<p>Laserterapi stimulerer dannelsen af kollegent v\u00e6v. Derfor heler f.eks. operationss\u00e5r op langt hurtigere og med mindre, n\u00e6sten usynlig ardannelse<\/p>\n<h1>Hvor tit skal man behandles<\/h1>\n<p>Det er helt individuelt og afh\u00e6nger af problemets karakter, om det er en akut opst\u00e5et skade eller en langvarig overbelastningsskade. Antallet af behandlinger er naturligvis individuelt, men grundbehandlingen best\u00e5r som udgangspunkt af 4-6 behandlinger over 2-3 uger.<\/p>\n<p>En laserbehandling tager typisk 5-15 min. og kombineres her i klinikken med dybdeg\u00e5ende massage. Der er ingen bivirkninger. Der kan h\u00f8jst v\u00e6re tale om behandlingsreaktioner i form af en for\u00f8get irritation eller murren i det behandlede omr\u00e5de. Dette er ganske normalt og aftager i l\u00f8bet af 12-24 timer.<\/p>\n<p>For at opn\u00e5 den bedste effekt, er det vigtigt at behandlingerne i begyndelsen gives kontinuerligt. Jeg anbefaler minimum 4 behandlinger inden for 8 dage.&nbsp;<\/p>\n<p>Laserterapi er ikke en alternativ behandling og den terapeutiske effekt er veldokumenteret. Der foreligger i dag forskning, der klart dokumentere, at laserterapi er s\u00e6rdeles effektivt til at stimulerer cellerne i sener, muskler, bindev\u00e6v og led. P\u00e5 denne m\u00e5de stimuleres kroppens immunforsvar, blodcirkulation og naturlige helings processer.<\/p>\n<p>80% af alle behandlinger kan afhj\u00e6lpes, og der vil m\u00e6rkes forbedring efter 1-3 behandling.<\/p>\n<h1>G\u00f8r det ondt<\/h1>\n<p>Selve laserbehandlingen er smertefri og ufarlig og kan i nogle tilf\u00e6lde opleves som en svag prikken eller snurren, og det betyder blot, at der er gang i helingen.<\/p>\n<p><img loading=\"lazy\" decoding=\"async\" width=\"1000\" height=\"577\" src=\"https:\/\/massageimaalov.dk\/wp-content\/uploads\/2019\/12\/bill-af-smerter.jpg\" alt=\"\" srcset=\"https:\/\/massageimaalov.dk\/wp-content\/uploads\/2019\/12\/bill-af-smerter.jpg 1000w, https:\/\/massageimaalov.dk\/wp-content\/uploads\/2019\/12\/bill-af-smerter-300x173.jpg 300w, https:\/\/massageimaalov.dk\/wp-content\/uploads\/2019\/12\/bill-af-smerter-768x443.jpg 768w\" sizes=\"auto, (max-width: 1000px) 100vw, 1000px\"><\/p>\n","protected":false},"excerpt":{"rendered":"<p>Hvad er laserterapi Med laserbehandlingen overf\u00f8res energien fra laserlyset til kroppens celler, hvor det kan benyttes som br\u00e6ndstof og giver muskelcellen energi til at arbejde. Cellerne f\u00e5r derved energi til at udf\u00f8re alle de opgaver, som de er programmeret til, heriblandt kroppens naturlige helingsproces. Vores krop kan hele sig selv i n\u00e6rmest alle henseender, hvis [&#8230;]\n","protected":false},"author":1,"featured_media":571,"parent":0,"menu_order":0,"comment_status":"closed","ping_status":"closed","template":"no-sidebar.php","meta":{"footnotes":""},"class_list":["post-568","page","type-page","status-publish","has-post-thumbnail","hentry"],"yoast_head":"<!-- This site is optimized with the Yoast SEO Premium plugin v26.7 (Yoast SEO v26.7) - https:\/\/yoast.com\/wordpress\/plugins\/seo\/ -->\n<title>Laserterapi -<\/title>\n<meta name=\"robots\" content=\"index, follow, max-snippet:-1, max-image-preview:large, max-video-preview:-1\" \/>\n<link rel=\"canonical\" href=\"https:\/\/massageimaalov.dk\/?page_id=568\" \/>\n<meta property=\"og:locale\" content=\"da_DK\" \/>\n<meta property=\"og:type\" content=\"article\" \/>\n<meta property=\"og:title\" content=\"Laserterapi\" \/>\n<meta property=\"og:description\" content=\"Hvad er laserterapi Med laserbehandlingen overf\u00f8res energien fra laserlyset til kroppens celler, hvor det kan benyttes som br\u00e6ndstof og giver muskelcellen energi til at arbejde. Cellerne f\u00e5r derved energi til at udf\u00f8re alle de opgaver, som de er programmeret til, heriblandt kroppens naturlige helingsproces. Vores krop kan hele sig selv i n\u00e6rmest alle henseender, hvis [...]\" \/>\n<meta property=\"og:url\" content=\"https:\/\/massageimaalov.dk\/?page_id=568\" \/>\n<meta property=\"article:modified_time\" content=\"2019-12-29T18:53:22+00:00\" \/>\n<meta property=\"og:image\" content=\"https:\/\/massageimaalov.dk\/wp-content\/uploads\/2019\/12\/p\u00e5-langs.png\" \/>\n\t<meta property=\"og:image:width\" content=\"1500\" \/>\n\t<meta property=\"og:image:height\" content=\"430\" \/>\n\t<meta property=\"og:image:type\" content=\"image\/png\" \/>\n<meta name=\"twitter:card\" content=\"summary_large_image\" \/>\n<meta name=\"twitter:label1\" content=\"Estimeret l\u00e6setid\" \/>\n\t<meta name=\"twitter:data1\" content=\"3 minutter\" \/>\n<script type=\"application\/ld+json\" class=\"yoast-schema-graph\">{\"@context\":\"https:\/\/schema.org\",\"@graph\":[{\"@type\":\"WebPage\",\"@id\":\"https:\/\/massageimaalov.dk\/?page_id=568\",\"url\":\"https:\/\/massageimaalov.dk\/?page_id=568\",\"name\":\"Laserterapi -\",\"isPartOf\":{\"@id\":\"https:\/\/massageimaalov.dk\/#website\"},\"primaryImageOfPage\":{\"@id\":\"https:\/\/massageimaalov.dk\/?page_id=568#primaryimage\"},\"image\":{\"@id\":\"https:\/\/massageimaalov.dk\/?page_id=568#primaryimage\"},\"thumbnailUrl\":\"https:\/\/massageimaalov.dk\/wp-content\/uploads\/2019\/12\/p\u00e5-langs.png\",\"datePublished\":\"2019-12-26T18:10:37+00:00\",\"dateModified\":\"2019-12-29T18:53:22+00:00\",\"breadcrumb\":{\"@id\":\"https:\/\/massageimaalov.dk\/?page_id=568#breadcrumb\"},\"inLanguage\":\"da-DK\",\"potentialAction\":[{\"@type\":\"ReadAction\",\"target\":[\"https:\/\/massageimaalov.dk\/?page_id=568\"]}]},{\"@type\":\"ImageObject\",\"inLanguage\":\"da-DK\",\"@id\":\"https:\/\/massageimaalov.dk\/?page_id=568#primaryimage\",\"url\":\"https:\/\/massageimaalov.dk\/wp-content\/uploads\/2019\/12\/p\u00e5-langs.png\",\"contentUrl\":\"https:\/\/massageimaalov.dk\/wp-content\/uploads\/2019\/12\/p\u00e5-langs.png\",\"width\":1500,\"height\":430},{\"@type\":\"BreadcrumbList\",\"@id\":\"https:\/\/massageimaalov.dk\/?page_id=568#breadcrumb\",\"itemListElement\":[{\"@type\":\"ListItem\",\"position\":1,\"name\":\"Hjem\",\"item\":\"https:\/\/massageimaalov.dk\/\"},{\"@type\":\"ListItem\",\"position\":2,\"name\":\"Laserterapi\"}]},{\"@type\":\"WebSite\",\"@id\":\"https:\/\/massageimaalov.dk\/#website\",\"url\":\"https:\/\/massageimaalov.dk\/\",\"name\":\"M\u00e5l\u00f8v Muskel Massage\",\"description\":\"\",\"potentialAction\":[{\"@type\":\"SearchAction\",\"target\":{\"@type\":\"EntryPoint\",\"urlTemplate\":\"https:\/\/massageimaalov.dk\/?s={search_term_string}\"},\"query-input\":{\"@type\":\"PropertyValueSpecification\",\"valueRequired\":true,\"valueName\":\"search_term_string\"}}],\"inLanguage\":\"da-DK\"}]}<\/script>\n<!-- \/ Yoast SEO Premium plugin. -->","yoast_head_json":{"title":"Laserterapi -","robots":{"index":"index","follow":"follow","max-snippet":"max-snippet:-1","max-image-preview":"max-image-preview:large","max-video-preview":"max-video-preview:-1"},"canonical":"https:\/\/massageimaalov.dk\/?page_id=568","og_locale":"da_DK","og_type":"article","og_title":"Laserterapi","og_description":"Hvad er laserterapi Med laserbehandlingen overf\u00f8res energien fra laserlyset til kroppens celler, hvor det kan benyttes som br\u00e6ndstof og giver muskelcellen energi til at arbejde. Cellerne f\u00e5r derved energi til at udf\u00f8re alle de opgaver, som de er programmeret til, heriblandt kroppens naturlige helingsproces. Vores krop kan hele sig selv i n\u00e6rmest alle henseender, hvis [...]","og_url":"https:\/\/massageimaalov.dk\/?page_id=568","article_modified_time":"2019-12-29T18:53:22+00:00","og_image":[{"width":1500,"height":430,"url":"https:\/\/massageimaalov.dk\/wp-content\/uploads\/2019\/12\/p\u00e5-langs.png","type":"image\/png"}],"twitter_card":"summary_large_image","twitter_misc":{"Estimeret l\u00e6setid":"3 minutter"},"schema":{"@context":"https:\/\/schema.org","@graph":[{"@type":"WebPage","@id":"https:\/\/massageimaalov.dk\/?page_id=568","url":"https:\/\/massageimaalov.dk\/?page_id=568","name":"Laserterapi -","isPartOf":{"@id":"https:\/\/massageimaalov.dk\/#website"},"primaryImageOfPage":{"@id":"https:\/\/massageimaalov.dk\/?page_id=568#primaryimage"},"image":{"@id":"https:\/\/massageimaalov.dk\/?page_id=568#primaryimage"},"thumbnailUrl":"https:\/\/massageimaalov.dk\/wp-content\/uploads\/2019\/12\/p\u00e5-langs.png","datePublished":"2019-12-26T18:10:37+00:00","dateModified":"2019-12-29T18:53:22+00:00","breadcrumb":{"@id":"https:\/\/massageimaalov.dk\/?page_id=568#breadcrumb"},"inLanguage":"da-DK","potentialAction":[{"@type":"ReadAction","target":["https:\/\/massageimaalov.dk\/?page_id=568"]}]},{"@type":"ImageObject","inLanguage":"da-DK","@id":"https:\/\/massageimaalov.dk\/?page_id=568#primaryimage","url":"https:\/\/massageimaalov.dk\/wp-content\/uploads\/2019\/12\/p\u00e5-langs.png","contentUrl":"https:\/\/massageimaalov.dk\/wp-content\/uploads\/2019\/12\/p\u00e5-langs.png","width":1500,"height":430},{"@type":"BreadcrumbList","@id":"https:\/\/massageimaalov.dk\/?page_id=568#breadcrumb","itemListElement":[{"@type":"ListItem","position":1,"name":"Hjem","item":"https:\/\/massageimaalov.dk\/"},{"@type":"ListItem","position":2,"name":"Laserterapi"}]},{"@type":"WebSite","@id":"https:\/\/massageimaalov.dk\/#website","url":"https:\/\/massageimaalov.dk\/","name":"M\u00e5l\u00f8v Muskel Massage","description":"","potentialAction":[{"@type":"SearchAction","target":{"@type":"EntryPoint","urlTemplate":"https:\/\/massageimaalov.dk\/?s={search_term_string}"},"query-input":{"@type":"PropertyValueSpecification","valueRequired":true,"valueName":"search_term_string"}}],"inLanguage":"da-DK"}]}},"_links":{"self":[{"href":"https:\/\/massageimaalov.dk\/index.php?rest_route=\/wp\/v2\/pages\/568","targetHints":{"allow":["GET"]}}],"collection":[{"href":"https:\/\/massageimaalov.dk\/index.php?rest_route=\/wp\/v2\/pages"}],"about":[{"href":"https:\/\/massageimaalov.dk\/index.php?rest_route=\/wp\/v2\/types\/page"}],"author":[{"embeddable":true,"href":"https:\/\/massageimaalov.dk\/index.php?rest_route=\/wp\/v2\/users\/1"}],"replies":[{"embeddable":true,"href":"https:\/\/massageimaalov.dk\/index.php?rest_route=%2Fwp%2Fv2%2Fcomments&post=568"}],"version-history":[{"count":25,"href":"https:\/\/massageimaalov.dk\/index.php?rest_route=\/wp\/v2\/pages\/568\/revisions"}],"predecessor-version":[{"id":611,"href":"https:\/\/massageimaalov.dk\/index.php?rest_route=\/wp\/v2\/pages\/568\/revisions\/611"}],"wp:featuredmedia":[{"embeddable":true,"href":"https:\/\/massageimaalov.dk\/index.php?rest_route=\/wp\/v2\/media\/571"}],"wp:attachment":[{"href":"https:\/\/massageimaalov.dk\/index.php?rest_route=%2Fwp%2Fv2%2Fmedia&parent=568"}],"curies":[{"name":"wp","href":"https:\/\/api.w.org\/{rel}","templated":true}]}}