{"id":2506,"date":"2024-12-16T18:15:34","date_gmt":"2024-12-16T18:15:34","guid":{"rendered":"https:\/\/mmm.massageimaalov.dk\/?page_id=2506"},"modified":"2025-03-22T10:55:25","modified_gmt":"2025-03-22T10:55:25","slug":"haevelse-og-oedem","status":"publish","type":"page","link":"https:\/\/massageimaalov.dk\/?page_id=2506","title":{"rendered":"H\u00e6velse og \u00f8dem"},"content":{"rendered":"\n\n  <div class=\"banner has-hover\" id=\"banner-541364423\">\n          <div class=\"banner-inner fill\">\n        <div class=\"banner-bg fill\" >\n                                                \n                    <\/div>\n\t\t\n        <div class=\"banner-layers container\">\n            <div class=\"fill banner-link\"><\/div>            \n\n   <div id=\"text-box-1521318526\" class=\"text-box banner-layer x50 md-x50 lg-x50 y50 md-y50 lg-y50 res-text\">\n                                <div class=\"text-box-content text dark\">\n              \n              <div class=\"text-inner text-center\">\n                  \n\n\t<div id=\"text-311607851\" class=\"text\">\n\t\t\n\n<div class=\"uppercase\"><strong>H\u00e6velser og v\u00e6skeophobning<\/strong><\/div>\n\t\t\n<style>\n#text-311607851 {\n  font-size: 1.55rem;\n}\n@media (min-width:550px) {\n  #text-311607851 {\n    font-size: 3.5rem;\n  }\n}\n<\/style>\n\t<\/div>\n\t\n\n              <\/div>\n           <\/div>\n                            \n<style>\n#text-box-1521318526 {\n  width: 88%;\n}\n#text-box-1521318526 .text-box-content {\n  font-size: 100%;\n}\n<\/style>\n    <\/div>\n \n\n        <\/div>\n      <\/div>\n\n            \n<style>\n#banner-541364423 {\n  padding-top: 125px;\n}\n@media (min-width:550px) {\n  #banner-541364423 {\n    padding-top: 300px;\n  }\n}\n<\/style>\n  <\/div>\n\n\n\n\t<section class=\"section\" id=\"section_1014789793\">\n\t\t<div class=\"section-bg fill\" >\n\t\t\t\t\t\t\t\t\t\n\t\t\t\n\n\t\t<\/div>\n\n\t\t\n\n\t\t<div class=\"section-content relative\">\n\t\t\t\n\n<div class=\"row row-full-width\"  id=\"row-1313120844\">\n\n\n\t<div id=\"col-1584981955\" class=\"col hide-for-small medium-1 small-12 large-1\"  >\n\t\t\t\t<div class=\"col-inner\"  >\n\t\t\t\n\t\t\t\n\n\n\t\t<\/div>\n\t\t\t\t\t<\/div>\n\n\t\n\n\t<div id=\"col-1824454840\" class=\"col medium-10 small-12 large-10\"  >\n\t\t\t\t<div class=\"col-inner\" style=\"background-color:rgb(255, 255, 255);\" >\n\t\t\t\n\t\t\t\n\n\t<div id=\"text-1052686455\" class=\"text col-padding-left-right-top col-padding-bottom\">\n\t\t\n\n<h3 class=\"uppercase\">Behandling af h\u00e6velser<\/h3>\n<p><\/b><br \/>Denne behandling er udviklet til at reducere h\u00e6velser eller v\u00e6skeophobninger i ben, arme eller hals. Gennem blide, rytmiske bev\u00e6gelser stimuleres kroppens naturlige udrensning, hvilket hj\u00e6lper med at fjerne overskydende v\u00e6ske, mindske sp\u00e6ndinger og give en f\u00f8lelse af lethed i kroppen.<\/p>\n<p class=\"p1\">\n<h5>Behandlingen hj\u00e6lper med at:<\/h5>\n<p>\u2705 Reducere h\u00e6vede eller tunge ben, arme og h\u00e6nder<br \/>\u2705 Fremme blodcirkulationen og v\u00e6skebalancen<br \/>\u2705 Lindre ubehag for\u00e5rsaget af v\u00e6skeophobning<br \/>\u2705 St\u00f8tte kroppens naturlige udrensning<br \/>\u2705 Afhj\u00e6lpe tr\u00e6thed og uro i kroppen<\/p>\n<p class=\"p1\">Behandlingen starter med lette, afsp\u00e6ndende teknikker for at s\u00e6tte gang i kroppens naturlige flow. Derefter arbejdes der n\u00e6nsomt med de omr\u00e5der, hvor v\u00e6ske har ophobet sig, for at st\u00f8tte kroppen i at komme af med overskydende v\u00e6ske og affaldsstoffer. De blide tryk og bev\u00e6gelser hj\u00e6lper med at lette f\u00f8lelsen af tyngde, sp\u00e6nding og \u00f8mhed.<\/p>\n<p class=\"p1\"><b>For bedste resultat anbefales det at gennemg\u00e5 3 behandlinger over kort tid, medmindre h\u00e6velsen er v\u00e6k. Efterf\u00f8lgende kan du v\u00e6lge at f\u00e5 en vedligeholdende behandling cirka en gang om m\u00e5neden.<\/b><b><\/b><\/p>\n<p class=\"p1\">Denne behandling er ideel for dig, der oplever h\u00e6velser efter stillesiddende arbejde, l\u00e6ngerevarende st\u00e5ende aktiviteter, hormonelle forandringer eller efter operationer. Efter behandlingen vil du m\u00e6rke en \u00f8get lethed i kroppen, mindre sp\u00e6nding og forbedret velv\u00e6re.<\/p>\n\t\t\t<\/div>\n\t\n\n\t\t<\/div>\n\t\t\t\t\t<\/div>\n\n\t\n\n\t<div id=\"col-951607557\" class=\"col hide-for-small medium-1 small-12 large-1\"  >\n\t\t\t\t<div class=\"col-inner\"  >\n\t\t\t\n\t\t\t\n\n\n\t\t<\/div>\n\t\t\t\t\t<\/div>\n\n\t\n\n<\/div>\n<div class=\"row row-full-width align-center\"  id=\"row-574240036\">\n\n\n\t<div id=\"col-680133659\" class=\"col medium-10 small-12 large-10\"  >\n\t\t\t\t<div class=\"col-inner text-center\" style=\"background-color:rgb(255,255,255);\" >\n\t\t\t\n\t\t\t\n\n<a href=\"\/?page_id=2904\" class=\"button primary\"  >\n\t\t<span>Book her<\/span>\n\t<\/a>\n\n\n\n\t\t<\/div>\n\t\t\t\t\n<style>\n#col-680133659 > .col-inner {\n  margin: -30px 0px 0px 0px;\n}\n<\/style>\n\t<\/div>\n\n\t\n\n<\/div>\n\n\t\t<\/div>\n\n\t\t\n<style>\n#section_1014789793 {\n  padding-top: 30px;\n  padding-bottom: 30px;\n  background-color: rgb(229, 152, 84);\n}\n<\/style>\n\t<\/section>\n\t\n\n","protected":false},"excerpt":{"rendered":"","protected":false},"author":5,"featured_media":0,"parent":0,"menu_order":0,"comment_status":"closed","ping_status":"closed","template":"page-blank.php","meta":{"footnotes":""},"class_list":["post-2506","page","type-page","status-publish","hentry"],"yoast_head":"<!-- This site is optimized with the Yoast SEO Premium plugin v26.7 (Yoast SEO v26.7) - https:\/\/yoast.com\/wordpress\/plugins\/seo\/ -->\n<title>H\u00e6velse og \u00f8dem -<\/title>\n<meta name=\"robots\" content=\"index, follow, max-snippet:-1, max-image-preview:large, max-video-preview:-1\" \/>\n<link rel=\"canonical\" href=\"https:\/\/massageimaalov.dk\/?page_id=2506\" \/>\n<meta property=\"og:locale\" content=\"da_DK\" \/>\n<meta property=\"og:type\" content=\"article\" \/>\n<meta property=\"og:title\" content=\"H\u00e6velse og \u00f8dem\" \/>\n<meta property=\"og:url\" content=\"https:\/\/massageimaalov.dk\/?page_id=2506\" \/>\n<meta property=\"article:modified_time\" content=\"2025-03-22T10:55:25+00:00\" \/>\n<meta name=\"twitter:card\" content=\"summary_large_image\" \/>\n<meta name=\"twitter:label1\" content=\"Estimeret l\u00e6setid\" \/>\n\t<meta name=\"twitter:data1\" content=\"2 minutter\" \/>\n<script type=\"application\/ld+json\" class=\"yoast-schema-graph\">{\"@context\":\"https:\/\/schema.org\",\"@graph\":[{\"@type\":\"WebPage\",\"@id\":\"https:\/\/massageimaalov.dk\/?page_id=2506\",\"url\":\"https:\/\/massageimaalov.dk\/?page_id=2506\",\"name\":\"H\u00e6velse og \u00f8dem -\",\"isPartOf\":{\"@id\":\"https:\/\/massageimaalov.dk\/#website\"},\"datePublished\":\"2024-12-16T18:15:34+00:00\",\"dateModified\":\"2025-03-22T10:55:25+00:00\",\"breadcrumb\":{\"@id\":\"https:\/\/massageimaalov.dk\/?page_id=2506#breadcrumb\"},\"inLanguage\":\"da-DK\",\"potentialAction\":[{\"@type\":\"ReadAction\",\"target\":[\"https:\/\/massageimaalov.dk\/?page_id=2506\"]}]},{\"@type\":\"BreadcrumbList\",\"@id\":\"https:\/\/massageimaalov.dk\/?page_id=2506#breadcrumb\",\"itemListElement\":[{\"@type\":\"ListItem\",\"position\":1,\"name\":\"Hjem\",\"item\":\"https:\/\/massageimaalov.dk\/\"},{\"@type\":\"ListItem\",\"position\":2,\"name\":\"H\u00e6velse og \u00f8dem\"}]},{\"@type\":\"WebSite\",\"@id\":\"https:\/\/massageimaalov.dk\/#website\",\"url\":\"https:\/\/massageimaalov.dk\/\",\"name\":\"M\u00e5l\u00f8v Muskel Massage\",\"description\":\"\",\"potentialAction\":[{\"@type\":\"SearchAction\",\"target\":{\"@type\":\"EntryPoint\",\"urlTemplate\":\"https:\/\/massageimaalov.dk\/?s={search_term_string}\"},\"query-input\":{\"@type\":\"PropertyValueSpecification\",\"valueRequired\":true,\"valueName\":\"search_term_string\"}}],\"inLanguage\":\"da-DK\"}]}<\/script>\n<!-- \/ Yoast SEO Premium plugin. -->","yoast_head_json":{"title":"H\u00e6velse og \u00f8dem -","robots":{"index":"index","follow":"follow","max-snippet":"max-snippet:-1","max-image-preview":"max-image-preview:large","max-video-preview":"max-video-preview:-1"},"canonical":"https:\/\/massageimaalov.dk\/?page_id=2506","og_locale":"da_DK","og_type":"article","og_title":"H\u00e6velse og \u00f8dem","og_url":"https:\/\/massageimaalov.dk\/?page_id=2506","article_modified_time":"2025-03-22T10:55:25+00:00","twitter_card":"summary_large_image","twitter_misc":{"Estimeret l\u00e6setid":"2 minutter"},"schema":{"@context":"https:\/\/schema.org","@graph":[{"@type":"WebPage","@id":"https:\/\/massageimaalov.dk\/?page_id=2506","url":"https:\/\/massageimaalov.dk\/?page_id=2506","name":"H\u00e6velse og \u00f8dem -","isPartOf":{"@id":"https:\/\/massageimaalov.dk\/#website"},"datePublished":"2024-12-16T18:15:34+00:00","dateModified":"2025-03-22T10:55:25+00:00","breadcrumb":{"@id":"https:\/\/massageimaalov.dk\/?page_id=2506#breadcrumb"},"inLanguage":"da-DK","potentialAction":[{"@type":"ReadAction","target":["https:\/\/massageimaalov.dk\/?page_id=2506"]}]},{"@type":"BreadcrumbList","@id":"https:\/\/massageimaalov.dk\/?page_id=2506#breadcrumb","itemListElement":[{"@type":"ListItem","position":1,"name":"Hjem","item":"https:\/\/massageimaalov.dk\/"},{"@type":"ListItem","position":2,"name":"H\u00e6velse og \u00f8dem"}]},{"@type":"WebSite","@id":"https:\/\/massageimaalov.dk\/#website","url":"https:\/\/massageimaalov.dk\/","name":"M\u00e5l\u00f8v Muskel Massage","description":"","potentialAction":[{"@type":"SearchAction","target":{"@type":"EntryPoint","urlTemplate":"https:\/\/massageimaalov.dk\/?s={search_term_string}"},"query-input":{"@type":"PropertyValueSpecification","valueRequired":true,"valueName":"search_term_string"}}],"inLanguage":"da-DK"}]}},"_links":{"self":[{"href":"https:\/\/massageimaalov.dk\/index.php?rest_route=\/wp\/v2\/pages\/2506","targetHints":{"allow":["GET"]}}],"collection":[{"href":"https:\/\/massageimaalov.dk\/index.php?rest_route=\/wp\/v2\/pages"}],"about":[{"href":"https:\/\/massageimaalov.dk\/index.php?rest_route=\/wp\/v2\/types\/page"}],"author":[{"embeddable":true,"href":"https:\/\/massageimaalov.dk\/index.php?rest_route=\/wp\/v2\/users\/5"}],"replies":[{"embeddable":true,"href":"https:\/\/massageimaalov.dk\/index.php?rest_route=%2Fwp%2Fv2%2Fcomments&post=2506"}],"version-history":[{"count":2,"href":"https:\/\/massageimaalov.dk\/index.php?rest_route=\/wp\/v2\/pages\/2506\/revisions"}],"predecessor-version":[{"id":2953,"href":"https:\/\/massageimaalov.dk\/index.php?rest_route=\/wp\/v2\/pages\/2506\/revisions\/2953"}],"wp:attachment":[{"href":"https:\/\/massageimaalov.dk\/index.php?rest_route=%2Fwp%2Fv2%2Fmedia&parent=2506"}],"curies":[{"name":"wp","href":"https:\/\/api.w.org\/{rel}","templated":true}]}}