{"id":2238,"date":"2024-12-09T15:31:15","date_gmt":"2024-12-09T15:31:15","guid":{"rendered":"https:\/\/mmm.massageimaalov.dk\/?page_id=2238"},"modified":"2026-02-18T16:10:37","modified_gmt":"2026-02-18T16:10:37","slug":"prisliste-2","status":"publish","type":"page","link":"https:\/\/massageimaalov.dk\/?page_id=2238","title":{"rendered":"Prisliste"},"content":{"rendered":"\n\n  <div class=\"banner has-hover\" id=\"banner-1861371016\">\n          <div class=\"banner-inner fill\">\n        <div class=\"banner-bg fill\" >\n                                                \n                    <\/div>\n\t\t\n        <div class=\"banner-layers container\">\n            <div class=\"fill banner-link\"><\/div>            \n\n   <div id=\"text-box-704444407\" class=\"text-box banner-layer x50 md-x50 lg-x50 y50 md-y50 lg-y50 res-text\">\n                                <div class=\"text-box-content text dark\">\n              \n              <div class=\"text-inner text-center\">\n                  \n\n\t<div id=\"text-1666431530\" class=\"text\">\n\t\t\n\n<div class=\"uppercase\"><strong>Priser<\/strong><\/div>\n\t\t\n<style>\n#text-1666431530 {\n  font-size: 1.55rem;\n}\n@media (min-width:550px) {\n  #text-1666431530 {\n    font-size: 3.5rem;\n  }\n}\n<\/style>\n\t<\/div>\n\t\n\n              <\/div>\n           <\/div>\n                            \n<style>\n#text-box-704444407 {\n  width: 60%;\n}\n#text-box-704444407 .text-box-content {\n  font-size: 100%;\n}\n<\/style>\n    <\/div>\n \n\n        <\/div>\n      <\/div>\n\n            \n<style>\n#banner-1861371016 {\n  padding-top: 125px;\n}\n@media (min-width:550px) {\n  #banner-1861371016 {\n    padding-top: 300px;\n  }\n}\n<\/style>\n  <\/div>\n\n\n\t<div id=\"gap-1847087067\" class=\"gap-element clearfix\" style=\"display:block; height:auto;\">\n\t\t\n<style>\n#gap-1847087067 {\n  padding-top: 30px;\n}\n<\/style>\n\t<\/div>\n\t\n\n\n\t<section class=\"section\" id=\"section_2146077993\">\n\t\t<div class=\"section-bg fill\" >\n\t\t\t\t\t\t\t\t\t\n\t\t\t\n\n\t\t<\/div>\n\n\t\t\n\n\t\t<div class=\"section-content relative\">\n\t\t\t\n\n<div class=\"row\"  id=\"row-1550854613\">\n\n\n\t<div id=\"col-724428530\" class=\"col small-12 large-12\"  >\n\t\t\t\t<div class=\"col-inner\"  >\n\t\t\t\n\t\t\t\n\n<div class=\"row\"  id=\"row-66064533\">\n\n\n\t<div id=\"col-1806206384\" class=\"col medium-4 small-12 large-4\"  >\n\t\t\t\t<div class=\"col-inner\"  >\n\t\t\t\n\t\t\t\n\n<div class=\"pricing-table-wrapper\">\n  <div class=\"pricing-table ux_price_table text-center col-prize-height-620 box-shadow-3-hover featured-table\">\n    <div class=\"pricing-table-header\">\n      <div class=\"title uppercase strong\">Terapeutisk massage<\/div>\n      <div class=\"price is-xxlarge\">$99.99<\/div>\n          <\/div>\n    <div class=\"pricing-table-items items\">\n      \n\n\t<div id=\"text-1444416753\" class=\"text\">\n\t\t\n\n<div style=\"text-align: left;padding-buttom:30px\">Hvis du d\u00f8jer med en bestemt problemstilling fx. sp\u00e6ndingshovedpine, nakkesmerter eller ondt i ryggen kan en terapeutisk massage v\u00e6re med til at mindske og fjerne smerterne. Behandling af myoser, infiltrationer og triggerpunkter sikrer en mere velfungerende muskulatur og den naturlige helingsproces accelererer.<\/div>\n\t\t\n<style>\n#text-1444416753 {\n  font-size: 0.95rem;\n  line-height: 1.6;\n}\n<\/style>\n\t<\/div>\n\t\n<table style=\"width: 100%; margin-top: 100px ;\">\n<tbody>\n<tr>\n<td>30 min.<\/td>\n<td>\u00a0<\/td>\n<td style=\"text-align: right;\">350 kr.<\/td>\n<\/tr>\n<tr>\n<td>45 min.<\/td>\n<td>\u00a0<\/td>\n<td style=\"text-align: right;\">500 kr.<\/td>\n<\/tr>\n<tr>\n<td>60 min.<\/td>\n<td>\u00a0<\/td>\n<td style=\"text-align: right;\">600 kr.<\/td>\n<\/tr>\n<\/tbody>\n<\/table>\n<div style=\"text-align: center; display: inline-block;\"><a href=\"\/?page_id=108\"><button class=\"button primary is-smaller lowercase button-align \" style=\"display: block; margin-top: auto;\">Book her<\/button><\/a><\/div>\n\n\n    <\/div>\n      <\/div>\n<\/div>\n\n\n\n\t\t<\/div>\n\t\t\t\t\t<\/div>\n\n\t\n\n\t<div id=\"col-845099798\" class=\"col medium-4 small-12 large-4\"  >\n\t\t\t\t<div class=\"col-inner\"  >\n\t\t\t\n\t\t\t\n\n<div class=\"pricing-table-wrapper\">\n  <div class=\"pricing-table ux_price_table text-center col-prize-height-620 box-shadow-3-hover featured-table\">\n    <div class=\"pricing-table-header\">\n      <div class=\"title uppercase strong\">Velv\u00e6re massage<\/div>\n      <div class=\"price is-xxlarge\">$99.99<\/div>\n          <\/div>\n    <div class=\"pricing-table-items items\">\n      \n\n\t<div id=\"text-3871701252\" class=\"text\">\n\t\t\n\n<div style=\"text-align: left;\">Hvis du tr\u00e6nger til at fork\u00e6le dig selv eller en du holder af, kan det v\u00e6re en rigtig god ide at bestille tid til velv\u00e6remassage.<br \/> Du slipper af med un\u00f8dvendige sp\u00e6ndinger, du bliver mere afslappet og da massagen virker afstressende, giver det dig fornyet energi i hverdagen.\n<\/div>\n\t\t\n<style>\n#text-3871701252 {\n  font-size: 0.95rem;\n  line-height: 1.6;\n}\n<\/style>\n\t<\/div>\n\t\n<table style=\"width: 100%; margin-top: 126px;\">\n<tbody>\n<tr>\n<td>30 min.<\/td>\n<td>\u00a0<\/td>\n<td style=\"text-align: right;\">350 kr.<\/td>\n<\/tr>\n<tr>\n<td>45 min.<\/td>\n<td>\u00a0<\/td>\n<td style=\"text-align: right;\">500 kr.<\/td>\n<\/tr>\n<tr>\n<td>60 min.<\/td>\n<td>\u00a0<\/td>\n<td style=\"text-align: right;\">600 kr.<\/td>\n<\/tr>\n<\/tbody>\n<\/table>\n<div style=\"text-align: center; display: inline-block;\"><a href=\"\/?page_id=108\"><button class=\"button primary is-smaller lowercase button-align \" style=\"display: block; margin: 0 auto;\">Book her<\/span><\/span><\/button><\/a><\/div>\n\n\n    <\/div>\n      <\/div>\n<\/div>\n\n\n\n\t\t<\/div>\n\t\t\t\t\t<\/div>\n\n\t\n\n\t<div id=\"col-1606877861\" class=\"col medium-4 small-12 large-4\"  >\n\t\t\t\t<div class=\"col-inner\"  >\n\t\t\t\n\t\t\t\n\n<div class=\"pricing-table-wrapper\">\n  <div class=\"pricing-table ux_price_table text-center col-prize-height-620 box-shadow-3-hover featured-table\">\n    <div class=\"pricing-table-header\">\n      <div class=\"title uppercase strong\">B\u00f8rn og unge ( 7-18 \u00e5r)<\/div>\n      <div class=\"price is-xxlarge\">$99.99<\/div>\n          <\/div>\n    <div class=\"pricing-table-items items\">\n      \n\n\t<div id=\"text-3379942495\" class=\"text\">\n\t\t\n\n<div style=\"text-align: left;\">Massage til B\u00f8rn og unge. Selvom b\u00f8rn og unge har en frisk, st\u00e6rk krop, bliver de ogs\u00e5 ramt af \u00f8mhed, sp\u00e6ndinger og stive muskler af og til. Uanset om dit barn dyrker sport p\u00e5 h\u00f8jt niveau eller bare har v\u00e6ret i gang i skoleg\u00e5rden, er \u00f8mme muskler helt normalt \u2013 men det er ikke behageligt. En massagebehandling kan lindre \u00f8mheden og hj\u00e6lpe barnet med hurtigere at f\u00f8le sig tilpas og klar til mere aktiv leg. Unge der har siddet for meget ved computeren, og har f\u00e5et ondt i nakken, kan ogs\u00e5 tr\u00e6nge til at blive l\u00f8snet op, s\u00e5 smerterne kan forsvinde.\n<\/div>\n\t\t\n<style>\n#text-3379942495 {\n  font-size: 0.95rem;\n  line-height: 1.6;\n}\n<\/style>\n\t<\/div>\n\t\n<p>\u00a0<\/p>\n<table style=\"width: 100%; margin-top: 28px; margin-bottom: 0;\">\n<tbody>\n<tr>\n<td>30 min.<\/td>\n<td>\u00a0<\/td>\n<td style=\"text-align: right;\">250 kr.<\/td>\n<\/tr>\n<tr>\n<td><a href=\"\/?page_id=108\"><button class=\"button primary lowercase is-small  button-align\">Book her<\/button><\/a><\/td>\n<td>\u00a0<\/td>\n<td style=\"text-align: right;\"><a href=\"\/?page_id=2730\"><button class=\"button primary lowercase is-small button-align\">L\u00e6s mere<\/button><\/a><\/td>\n<\/tr>\n<\/tbody>\n<\/table>\n\n    <\/div>\n      <\/div>\n<\/div>\n\n\n\n\t\t<\/div>\n\t\t\t\t\t<\/div>\n\n\t\n\n<\/div>\n\n\t\t<\/div>\n\t\t\t\t\t<\/div>\n\n\t\n\n<\/div>\n\n\t\t<\/div>\n\n\t\t\n<style>\n#section_2146077993 {\n  padding-top: 30px;\n  padding-bottom: 30px;\n}\n<\/style>\n\t<\/section>\n\t\n\n\t<section class=\"section\" id=\"section_507254820\">\n\t\t<div class=\"section-bg fill\" >\n\t\t\t\t\t\t\t\t\t\n\t\t\t\n\n\t\t<\/div>\n\n\t\t\n\n\t\t<div class=\"section-content relative\">\n\t\t\t\n\n<div class=\"row\"  id=\"row-1504926987\">\n\n\n\t<div id=\"col-705251929\" class=\"col medium-4 small-12 large-4\"  >\n\t\t\t\t<div class=\"col-inner\"  >\n\t\t\t\n\t\t\t\n\n<div class=\"pricing-table-wrapper\">\n  <div class=\"pricing-table ux_price_table text-center col-prize-height-460 box-shadow-3-hover featured-table\">\n    <div class=\"pricing-table-header\">\n      <div class=\"title uppercase strong\">Gravid massage<\/div>\n      <div class=\"price is-xxlarge\">$99.99<\/div>\n          <\/div>\n    <div class=\"pricing-table-items items\">\n      \n\n\t<div id=\"text-1852785699\" class=\"text\">\n\t\t\n\n<div style=\"text-align: left;padding-buttom:30px\">Massage lindrer den generelle ubehag, der kan opst\u00e5 under en graviditet. Der kan v\u00e6re tale om rygsmerter, nakkeproblemer, ben kramper, hovedpine samt h\u00e6velser. Derudover reducerer gravidmassage ogs\u00e5 stress p\u00e5 led og sener, forbedrer blod- og lymfeoml\u00f8bet og hj\u00e6lper dig med at slappe af, hvilket kan give bedre nattes\u00f8vn.<\/div>\n\t\t\n<style>\n#text-1852785699 {\n  font-size: 0.95rem;\n  line-height: 1.6;\n}\n<\/style>\n\t<\/div>\n\t\n<table style=\"width: 100%; margin-top: 10px;\">\n<tbody>\n<tr>\n<td>60 min.<\/td>\n<td>\u00a0<\/td>\n<td style=\"text-align: right;\">600 kr.<\/td>\n<\/tr>\n<\/tbody>\n<\/table>\n<div style=\"text-align: center; display: inline-block;\"><a href=\"\/?page_id=108\"><button class=\"button primary is-smaller lowercase button-align \" style=\"display: block; margin: 0 auto;\">Book her<\/button><\/a><\/div>\n\n    <\/div>\n      <\/div>\n<\/div>\n\n\n\n\t\t<\/div>\n\t\t\t\t\t<\/div>\n\n\t\n\n\t<div id=\"col-1455164955\" class=\"col medium-4 small-12 large-4\"  >\n\t\t\t\t<div class=\"col-inner\"  >\n\t\t\t\n\t\t\t\n\n<div class=\"pricing-table-wrapper\">\n  <div class=\"pricing-table ux_price_table text-center col-prize-height-460 box-shadow-3-hover featured-table\">\n    <div class=\"pricing-table-header\">\n      <div class=\"title uppercase strong\">Kropsbehandling<\/div>\n      <div class=\"price is-xxlarge\">$99.99<\/div>\n          <\/div>\n    <div class=\"pricing-table-items items\">\n      \n\n\t<div id=\"text-501383005\" class=\"text\">\n\t\t\n\n<div style=\"text-align: left;\">En kombination af dynamisk pulsering, statiske tryk, fysiurgisk massage, zoneterapi, cupping, laser og nervereflexologi. alt efter, hvad jeg finder i din krop af blokeringer.\n<\/div>\n\t\t\n<style>\n#text-501383005 {\n  font-size: 0.95rem;\n  line-height: 1.6;\n}\n<\/style>\n\t<\/div>\n\t\n<p>\u00a0<\/p>\n<table style=\"width: 100%; margin-top: 108px;\">\n<tbody>\n<tr>\n<td>90 min.<\/td>\n<td>\u00a0<\/td>\n<td style=\"text-align: right;\">850 kr.<\/td>\n<\/tr>\n<\/tbody>\n<\/table>\n<div style=\"text-align: center; display: inline-block;\"><a href=\"\/?page_id=108\"><button class=\"button primary is-smaller lowercase button-align \" style=\"display: block; margin: 0 auto;\">Book her<\/button><\/a><\/div>\n\n    <\/div>\n      <\/div>\n<\/div>\n\n\n\n\t\t<\/div>\n\t\t\t\t\t<\/div>\n\n\t\n\n\t<div id=\"col-1349665329\" class=\"col medium-4 small-12 large-4\"  >\n\t\t\t\t<div class=\"col-inner\"  >\n\t\t\t\n\t\t\t\n\n<div class=\"pricing-table-wrapper\">\n  <div class=\"pricing-table ux_price_table text-center col-prize-height-460 box-shadow-3-hover featured-table\">\n    <div class=\"pricing-table-header\">\n      <div class=\"title uppercase strong\">Kombi massage<\/div>\n      <div class=\"price is-xxlarge\">$99.99<\/div>\n          <\/div>\n    <div class=\"pricing-table-items items\">\n      \n\n\t<div id=\"text-2727199080\" class=\"text\">\n\t\t\n\n<div style=\"text-align: left;\">Her modtager du begge behandlinger, f\u00f8rst en halv times terapeutisk, og derefter 3 kvarter velv\u00e6re massage af resten af kroppen.\n<\/div>\n\t\t\n<style>\n#text-2727199080 {\n  font-size: 0.95rem;\n  line-height: 1.6;\n}\n<\/style>\n\t<\/div>\n\t\n<table style=\"width: 100%; margin-top: 153px;\">\n<tbody>\n<tr>\n<td>75 min.<\/td>\n<td>\u00a0<\/td>\n<td style=\"text-align: right;\">675 kr.<\/td>\n<\/tr>\n<\/tbody>\n<\/table>\n<div style=\"text-align: center; display: inline-block;\"><a href=\"\/?page_id=108\"><button class=\"button primary is-smaller lowercase button-align \" style=\"display: block; margin: 0 auto;\">Book her<\/button><\/a><\/div>\n\n    <\/div>\n      <\/div>\n<\/div>\n\n\n\n\t\t<\/div>\n\t\t\t\t\t<\/div>\n\n\t\n\n<\/div>\n\n\t\t<\/div>\n\n\t\t\n<style>\n#section_507254820 {\n  padding-top: 30px;\n  padding-bottom: 30px;\n}\n<\/style>\n\t<\/section>\n\t\n\n\t<section class=\"section\" id=\"section_1130870120\">\n\t\t<div class=\"section-bg fill\" >\n\t\t\t\t\t\t\t\t\t\n\t\t\t\n\n\t\t<\/div>\n\n\t\t\n\n\t\t<div class=\"section-content relative\">\n\t\t\t\n\n<div class=\"row\"  id=\"row-1554629602\">\n\n\n\t<div id=\"col-1904619045\" class=\"col small-12 large-12\"  >\n\t\t\t\t<div class=\"col-inner\"  >\n\t\t\t\n\t\t\t\n\n<div class=\"row\"  id=\"row-438337188\">\n\n\n\t<div id=\"col-202146115\" class=\"col medium-4 small-12 large-4\"  >\n\t\t\t\t<div class=\"col-inner\"  >\n\t\t\t\n\t\t\t\n\n<div class=\"pricing-table-wrapper\">\n  <div class=\"pricing-table ux_price_table text-center col-prize-height-250 box-shadow-3-hover featured-table\">\n    <div class=\"pricing-table-header\">\n      <div class=\"title uppercase strong\">Laser Terapi<\/div>\n      <div class=\"price is-xxlarge\">$99.99<\/div>\n          <\/div>\n    <div class=\"pricing-table-items items\">\n      \n\n<table style=\"width: 100%; margin-top: 10px; margin-bottom: 0;\">\n<tbody>\n<tr>\n<td>45 min.<\/td>\n<td>\u00a0<\/td>\n<td style=\"text-align: right;\">500 kr.<\/td>\n<\/tr>\n<tr>\n<td><a href=\"\/?page_id=108\"><button class=\"button primary lowercase is-small button-align\">Book her<\/button><\/a><\/td>\n<td>\u00a0<\/td>\n<td style=\"text-align: right;\"><a href=\"\/?page_id=2479\"><button class=\"button primary lowercase is-small button-align\">L\u00e6s mere<\/button><\/a><\/td>\n<\/tr>\n<\/tbody>\n<\/table>\n\n\n    <\/div>\n      <\/div>\n<\/div>\n\n\n\n\t\t<\/div>\n\t\t\t\t\t<\/div>\n\n\t\n\n\t<div id=\"col-479780818\" class=\"col medium-4 small-12 large-4\"  >\n\t\t\t\t<div class=\"col-inner\"  >\n\t\t\t\n\t\t\t\n\n<div class=\"pricing-table-wrapper\">\n  <div class=\"pricing-table ux_price_table text-center col-prize-height-250 box-shadow-3-hover featured-table\">\n    <div class=\"pricing-table-header\">\n      <div class=\"title uppercase strong\">Cupping<\/div>\n      <div class=\"price is-xxlarge\">$99.99<\/div>\n          <\/div>\n    <div class=\"pricing-table-items items\">\n      \n\n<table style=\"width: 100%; margin-top: 10px; margin-bottom: 0;\">\n<tbody>\n<tr>\n<td>30 min.<\/td>\n<td>\u00a0<\/td>\n<td style=\"text-align: right;\">350 kr.<\/td>\n<\/tr>\n<tr>\n<td><a href=\"\/?page_id=2863\"><button class=\"button primary lowercase is-small button-align\">Book her<\/button><\/a><\/td>\n<td>\u00a0<\/td>\n<td style=\"text-align: right;\"><a href=\"https:\/\/massageimaalov.dk\/?page_id=2609\"><button class=\"button primary lowercase is-small button-align\">L\u00e6s mere<\/button><\/a><\/td>\n<\/tr>\n<\/tbody>\n<\/table>\n\n    <\/div>\n      <\/div>\n<\/div>\n\n\n\n\t\t<\/div>\n\t\t\t\t\t<\/div>\n\n\t\n\n\t<div id=\"col-1921999549\" class=\"col medium-4 small-12 large-4\"  >\n\t\t\t\t<div class=\"col-inner\"  >\n\t\t\t\n\t\t\t\n\n<div class=\"pricing-table-wrapper\">\n  <div class=\"pricing-table ux_price_table text-center col-prize-height-460 box-shadow-3-hover featured-table\">\n    <div class=\"pricing-table-header\">\n      <div class=\"title uppercase strong\">H\u00e6velse og \u00f8dem<\/div>\n      <div class=\"price is-xxlarge\">$99.99<\/div>\n          <\/div>\n    <div class=\"pricing-table-items items\">\n      \n\n\t<div id=\"text-319772900\" class=\"text\">\n\t\t\n\n<div style=\"text-align: left;\">\n<p>Blid og rytmisk lymfedr\u00e6nage reducerer h\u00e6velser, stimulerer lymfesystemet og mindsker f\u00f8lelsen af tunge ben og arme. Ideel til v\u00e6skeophobning, sp\u00e6ndinger og tr\u00e6thed. Behandlingen fremmer blodcirkulation, restitution og kroppens naturlige balance.<\/p>\n.<\/div>\n\t\t\n<style>\n#text-319772900 {\n  font-size: 0.95rem;\n  line-height: 1.6;\n}\n<\/style>\n\t<\/div>\n\t\n<table style=\"width: 100%; margin-top: 10px; margin-bottom: 0;\">\n<tbody>\n<tr>\n<td>60 min.<\/td>\n<td>\u00a0<\/td>\n<td style=\"text-align: right;\">600 kr.<\/td>\n<\/tr>\n<tr>\n<td><a href=\"\/?page_id=2863\"><button class=\"button primary lowercase is-small button-align\">Book her<\/button><\/a><\/td>\n<td>\u00a0<\/td>\n<td style=\"text-align: right;\"><a href=\"https:\/\/massageimaalov.dk\/?page_id=2506\"><button class=\"button primary lowercase is-small button-align\">L\u00e6s mere<\/button><\/a><\/td>\n<\/tr>\n<\/tbody>\n<\/table>\n\n    <\/div>\n      <\/div>\n<\/div>\n\n\n\n\t\t<\/div>\n\t\t\t\t\t<\/div>\n\n\t\n\n<\/div>\n\n\t\t<\/div>\n\t\t\t\t\t<\/div>\n\n\t\n\n<\/div>\n\n\t\t<\/div>\n\n\t\t\n<style>\n#section_1130870120 {\n  padding-top: 30px;\n  padding-bottom: 30px;\n}\n<\/style>\n\t<\/section>\n\t\n\n","protected":false},"excerpt":{"rendered":"","protected":false},"author":5,"featured_media":0,"parent":0,"menu_order":0,"comment_status":"closed","ping_status":"closed","template":"page-blank.php","meta":{"footnotes":""},"class_list":["post-2238","page","type-page","status-publish","hentry"],"yoast_head":"<!-- This site is optimized with the Yoast SEO Premium plugin v26.7 (Yoast SEO v26.7) - https:\/\/yoast.com\/wordpress\/plugins\/seo\/ -->\n<title>Prisliste -<\/title>\n<meta name=\"robots\" content=\"index, follow, max-snippet:-1, max-image-preview:large, max-video-preview:-1\" \/>\n<link rel=\"canonical\" href=\"https:\/\/massageimaalov.dk\/?page_id=2238\" \/>\n<meta property=\"og:locale\" content=\"da_DK\" \/>\n<meta property=\"og:type\" content=\"article\" \/>\n<meta property=\"og:title\" content=\"Prisliste\" \/>\n<meta property=\"og:url\" content=\"https:\/\/massageimaalov.dk\/?page_id=2238\" \/>\n<meta property=\"article:modified_time\" content=\"2026-02-18T16:10:37+00:00\" \/>\n<meta name=\"twitter:card\" content=\"summary_large_image\" \/>\n<meta name=\"twitter:label1\" content=\"Estimeret l\u00e6setid\" \/>\n\t<meta name=\"twitter:data1\" content=\"3 minutter\" \/>\n<script type=\"application\/ld+json\" class=\"yoast-schema-graph\">{\"@context\":\"https:\/\/schema.org\",\"@graph\":[{\"@type\":\"WebPage\",\"@id\":\"https:\/\/massageimaalov.dk\/?page_id=2238\",\"url\":\"https:\/\/massageimaalov.dk\/?page_id=2238\",\"name\":\"Prisliste -\",\"isPartOf\":{\"@id\":\"https:\/\/massageimaalov.dk\/#website\"},\"datePublished\":\"2024-12-09T15:31:15+00:00\",\"dateModified\":\"2026-02-18T16:10:37+00:00\",\"breadcrumb\":{\"@id\":\"https:\/\/massageimaalov.dk\/?page_id=2238#breadcrumb\"},\"inLanguage\":\"da-DK\",\"potentialAction\":[{\"@type\":\"ReadAction\",\"target\":[\"https:\/\/massageimaalov.dk\/?page_id=2238\"]}]},{\"@type\":\"BreadcrumbList\",\"@id\":\"https:\/\/massageimaalov.dk\/?page_id=2238#breadcrumb\",\"itemListElement\":[{\"@type\":\"ListItem\",\"position\":1,\"name\":\"Hjem\",\"item\":\"https:\/\/massageimaalov.dk\/\"},{\"@type\":\"ListItem\",\"position\":2,\"name\":\"Prisliste\"}]},{\"@type\":\"WebSite\",\"@id\":\"https:\/\/massageimaalov.dk\/#website\",\"url\":\"https:\/\/massageimaalov.dk\/\",\"name\":\"M\u00e5l\u00f8v Muskel Massage\",\"description\":\"\",\"potentialAction\":[{\"@type\":\"SearchAction\",\"target\":{\"@type\":\"EntryPoint\",\"urlTemplate\":\"https:\/\/massageimaalov.dk\/?s={search_term_string}\"},\"query-input\":{\"@type\":\"PropertyValueSpecification\",\"valueRequired\":true,\"valueName\":\"search_term_string\"}}],\"inLanguage\":\"da-DK\"}]}<\/script>\n<!-- \/ Yoast SEO Premium plugin. -->","yoast_head_json":{"title":"Prisliste -","robots":{"index":"index","follow":"follow","max-snippet":"max-snippet:-1","max-image-preview":"max-image-preview:large","max-video-preview":"max-video-preview:-1"},"canonical":"https:\/\/massageimaalov.dk\/?page_id=2238","og_locale":"da_DK","og_type":"article","og_title":"Prisliste","og_url":"https:\/\/massageimaalov.dk\/?page_id=2238","article_modified_time":"2026-02-18T16:10:37+00:00","twitter_card":"summary_large_image","twitter_misc":{"Estimeret l\u00e6setid":"3 minutter"},"schema":{"@context":"https:\/\/schema.org","@graph":[{"@type":"WebPage","@id":"https:\/\/massageimaalov.dk\/?page_id=2238","url":"https:\/\/massageimaalov.dk\/?page_id=2238","name":"Prisliste -","isPartOf":{"@id":"https:\/\/massageimaalov.dk\/#website"},"datePublished":"2024-12-09T15:31:15+00:00","dateModified":"2026-02-18T16:10:37+00:00","breadcrumb":{"@id":"https:\/\/massageimaalov.dk\/?page_id=2238#breadcrumb"},"inLanguage":"da-DK","potentialAction":[{"@type":"ReadAction","target":["https:\/\/massageimaalov.dk\/?page_id=2238"]}]},{"@type":"BreadcrumbList","@id":"https:\/\/massageimaalov.dk\/?page_id=2238#breadcrumb","itemListElement":[{"@type":"ListItem","position":1,"name":"Hjem","item":"https:\/\/massageimaalov.dk\/"},{"@type":"ListItem","position":2,"name":"Prisliste"}]},{"@type":"WebSite","@id":"https:\/\/massageimaalov.dk\/#website","url":"https:\/\/massageimaalov.dk\/","name":"M\u00e5l\u00f8v Muskel Massage","description":"","potentialAction":[{"@type":"SearchAction","target":{"@type":"EntryPoint","urlTemplate":"https:\/\/massageimaalov.dk\/?s={search_term_string}"},"query-input":{"@type":"PropertyValueSpecification","valueRequired":true,"valueName":"search_term_string"}}],"inLanguage":"da-DK"}]}},"_links":{"self":[{"href":"https:\/\/massageimaalov.dk\/index.php?rest_route=\/wp\/v2\/pages\/2238","targetHints":{"allow":["GET"]}}],"collection":[{"href":"https:\/\/massageimaalov.dk\/index.php?rest_route=\/wp\/v2\/pages"}],"about":[{"href":"https:\/\/massageimaalov.dk\/index.php?rest_route=\/wp\/v2\/types\/page"}],"author":[{"embeddable":true,"href":"https:\/\/massageimaalov.dk\/index.php?rest_route=\/wp\/v2\/users\/5"}],"replies":[{"embeddable":true,"href":"https:\/\/massageimaalov.dk\/index.php?rest_route=%2Fwp%2Fv2%2Fcomments&post=2238"}],"version-history":[{"count":9,"href":"https:\/\/massageimaalov.dk\/index.php?rest_route=\/wp\/v2\/pages\/2238\/revisions"}],"predecessor-version":[{"id":3371,"href":"https:\/\/massageimaalov.dk\/index.php?rest_route=\/wp\/v2\/pages\/2238\/revisions\/3371"}],"wp:attachment":[{"href":"https:\/\/massageimaalov.dk\/index.php?rest_route=%2Fwp%2Fv2%2Fmedia&parent=2238"}],"curies":[{"name":"wp","href":"https:\/\/api.w.org\/{rel}","templated":true}]}}