{"id":1514,"date":"2023-05-05T19:43:33","date_gmt":"2023-05-05T19:43:33","guid":{"rendered":"https:\/\/massageimaalov.dk\/?page_id=1514"},"modified":"2025-02-21T12:09:41","modified_gmt":"2025-02-21T12:09:41","slug":"prisliste","status":"publish","type":"page","link":"https:\/\/massageimaalov.dk\/?page_id=1514","title":{"rendered":"Prisliste"},"content":{"rendered":"<p>Velv\u00e6re massage\t\t\t\t\t\t<\/p>\n<ul>\n<li>\n\t\t\t\t\t\t\t\t\t\tHvis du tr\u00e6nger til at fork\u00e6le dig selv eller en du holder af, kan det v\u00e6re en rigtig god ide at bestille tid til velv\u00e6remassage. Du slipper af med un\u00f8dvendige sp\u00e6ndinger, du bliver mere afslappet og da massagen virker afstressende, giver det dig fornyet energi i hverdagen.\n\t\t\t\t\t\t<\/li>\n<\/ul>\n<table width=\"100%\">\n<tbody>\n<tr >\n<td style=\"display:block;\">30 min.<\/td>\n<td align=\"right\" style=\"padding-right:20px; padding-bottom:20px;\">350 kr.<\/td>\n<\/tr>\n<tr>\n<td style=\"display:block;\">45 min.<\/td>\n<td align=\"right\" style=\"padding-right:20px; padding-bottom:20px;\">450 kr.<\/td>\n<\/tr>\n<tr>\n<td style=\"display:block;\">60 min<\/td>\n<td align=\"right\" style=\"padding-right:20px; padding-bottom:20px;\">550 kr.<\/td>\n<\/tr>\n<\/tbody>\n<\/table>\n<p>\t\t\t\t\t\t\tTerapeutisk massage\t\t\t\t\t\t<\/p>\n<ul>\n<li>\n\t\t\t\t\t\t\t\t\t\tHvis du d\u00f8jer med en bestemt problemstilling fx. sp\u00e6ndingshovedpine, nakkesmerter eller ondt i ryggen kan en terapeutisk massage v\u00e6re med til at mindske og fjerne smerterne. Behandling af myoser, infiltrationer og triggerpunkter sikrer en mere velfungerende muskulatur og den naturlige helingsproces accelererer.\n\t\t\t\t\t\t<\/li>\n<\/ul>\n<table width=\"100%\">\n<tbody>\n<tr >\n<td style=\"display:block;\">30 min.<\/td>\n<td align=\"right\" style=\"padding-right:20px; padding-bottom:20px;\">350 kr.<\/td>\n<\/tr>\n<tr>\n<td style=\"display:block;\">45 min.<\/td>\n<td align=\"right\" style=\"padding-right:20px; padding-bottom:20px;\">450 kr.<\/td>\n<\/tr>\n<tr>\n<td style=\"display:block;\">60 min<\/td>\n<td align=\"right\" style=\"padding-right:20px; padding-bottom:20px;\">550 kr.<\/td>\n<\/tr>\n<\/tbody>\n<\/table>\n<p>\t\t\t\t\t\t\tB\u00f8rn og unge\t\t\t\t\t\t<\/p>\n<ul>\n<li>\n\t\t\t\t\t\t\t\t\t\tMassage til B\u00f8rn og unge. Selvom b\u00f8rn og unge har en frisk, st\u00e6rk krop, bliver de ogs\u00e5 ramt af \u00f8mhed, sp\u00e6ndinger og stive muskler af og til. Uanset om dit barn dyrker sport p\u00e5 h\u00f8jt niveau eller bare har v\u00e6ret i gang i skoleg\u00e5rden, er \u00f8mme muskler helt normalt \u2013 men det er ikke behageligt. En massagebehandling kan lindre \u00f8mheden og hj\u00e6lpe barnet med hurtigere at f\u00f8le sig tilpas og klar til mere aktiv leg. Unge der har siddet for meget ved computeren, og har f\u00e5et ondt i nakken, kan ogs\u00e5 tr\u00e6nge til at blive l\u00f8snet op, s\u00e5 smerterne kan forsvinde.\n\t\t\t\t\t\t<\/li>\n<\/ul>\n<table width=\"100%\">\n<tbody>\n<tr>\n<td style=\"display:block;\">30 min.<\/td>\n<td align=\"right\" style=\"padding-right:20px; padding-bottom:20px;\">250 kr.<\/td>\n<\/tr>\n<tr>\n<td><\/td>\n<td align=\"right\" style=\"padding-right:20px\">\n<a href=\"https:\/\/massageimaalov.dk\/?page_id=1464\">L\u00e6s mere her<\/a><\/td>\n<\/tr>\n<\/tbody>\n<\/table>\n<p>\t\t\t\t\t\t\tGravid massage\t\t\t\t\t\t<\/p>\n<ul>\n<li>\n\t\t\t\t\t\t\t\t\t\tMassage lindrer den generelle ubehag, der kan opst\u00e5 under en graviditet. Der kan v\u00e6re tale om rygsmerter, nakkeproblemer, ben kramper, hovedpine samt h\u00e6velser. Derudover reducerer gravidmassage ogs\u00e5 stress p\u00e5 led og sener, forbedrer blod- og lymfeoml\u00f8bet og hj\u00e6lper dig med at slappe af, hvilket kan give bedre nattes\u00f8vn.\n\t\t\t\t\t\t<\/li>\n<\/ul>\n<table width=\"100%\">\n<tbody>\n<tr>\n<td style=\"display:block;\">60 min<\/td>\n<td align=\"right\" style=\"padding-right:20px; padding-bottom:20px;\">550 kr.<\/td>\n<\/tr>\n<\/tbody>\n<\/table>\n<p>\t\t\t\t\t\t\tKropsbehandling\t\t\t\t\t\t<\/p>\n<ul>\n<li>\n\t\t\t\t\t\t\t\t\t\tEn kombination af dynamisk pulsering, statiske tryk, fysiurgisk massage, zoneterapi, cupping, laser og nervereflexologi. alt efter, hvad jeg finder i din krop af blokeringer.\n\t\t\t\t\t\t<\/li>\n<\/ul>\n<table width=\"100%\">\n<tbody>\n<tr>\n<td style=\"display:block;\">90 min<\/td>\n<td align=\"right\" style=\"padding-right:20px; padding-bottom:20px;\">850 kr.<\/td>\n<\/tr>\n<\/tbody>\n<\/table>\n<p>\t\t\t\t\t\t\tKombi massage\t\t\t\t\t\t<\/p>\n<ul>\n<li>\n\t\t\t\t\t\t\t\t\t\tHer modtager du begge behandlinger, f\u00f8rst en halv times terapeutisk, og derefter 3 kvarter velv\u00e6re massage af resten af kroppen.\n\t\t\t\t\t\t<\/li>\n<\/ul>\n<table width=\"100%\">\n<tbody>\n<tr >\n<td style=\"display:block;\">75 min.<\/td>\n<td align=\"right\" style=\"padding-right:20px; padding-bottom:20px;\">645 kr.<\/td>\n<\/tr>\n<\/tbody>\n<\/table>\n<p>\t\t\t\t\t\t\tLaser Terapi\t\t\t\t\t\t<\/p>\n<ul>\n<li>\n\t\t\t\t\t\t<\/li>\n<\/ul>\n<table width=\"100%\">\n<tbody>\n<tr>\n<td style=\"display:block;\">45 min.<\/td>\n<td align=\"right\" style=\"padding-right:20px; padding-bottom:20px;\">450 kr.<\/td>\n<\/tr>\n<tr>\n<td><\/td>\n<td align=\"right\" style=\"padding-right:20px\">\n<a href=\"https:\/\/massageimaalov.dk\/?page_id=568\">L\u00e6s mere her<\/a><\/td>\n<\/tr>\n<\/tbody>\n<\/table>\n<p>\t\t\t\t\t\t\tCupping\t\t\t\t\t\t<\/p>\n<ul>\n<li>\n\t\t\t\t\t\t<\/li>\n<\/ul>\n<table width=\"100%\">\n<tbody>\n<tr>\n<td style=\"display:block;\">45 min.<\/td>\n<td align=\"right\" style=\"padding-right:20px; padding-bottom:20px;\">450 kr.<\/td>\n<\/tr>\n<tr>\n<td><\/td>\n<td align=\"right\" style=\"padding-right:20px\">\n<a href=\"https:\/\/massageimaalov.dk\/?page_id=505\">L\u00e6s mere her<\/a><\/td>\n<\/tr>\n<\/tbody>\n<\/table>\n","protected":false},"excerpt":{"rendered":"<p>Velv\u00e6re massage Hvis du tr\u00e6nger til at fork\u00e6le dig selv eller en du holder af, kan det v\u00e6re en rigtig god ide at bestille tid til velv\u00e6remassage. Du slipper af med un\u00f8dvendige sp\u00e6ndinger, du bliver mere afslappet og da massagen virker afstressende, giver det dig fornyet energi i hverdagen. 30 min. 350 kr. 45 min. [&#8230;]\n","protected":false},"author":1,"featured_media":0,"parent":0,"menu_order":0,"comment_status":"closed","ping_status":"closed","template":"elementor_header_footer","meta":{"footnotes":""},"class_list":["post-1514","page","type-page","status-publish","hentry"],"yoast_head":"<!-- This site is optimized with the Yoast SEO Premium plugin v26.7 (Yoast SEO v26.7) - https:\/\/yoast.com\/wordpress\/plugins\/seo\/ -->\n<title>Prisliste -<\/title>\n<meta name=\"robots\" content=\"index, follow, max-snippet:-1, max-image-preview:large, max-video-preview:-1\" \/>\n<link rel=\"canonical\" href=\"https:\/\/massageimaalov.dk\/?page_id=1514\" \/>\n<meta property=\"og:locale\" content=\"da_DK\" \/>\n<meta property=\"og:type\" content=\"article\" \/>\n<meta property=\"og:title\" content=\"Prisliste\" \/>\n<meta property=\"og:description\" content=\"Velv\u00e6re massage Hvis du tr\u00e6nger til at fork\u00e6le dig selv eller en du holder af, kan det v\u00e6re en rigtig god ide at bestille tid til velv\u00e6remassage. Du slipper af med un\u00f8dvendige sp\u00e6ndinger, du bliver mere afslappet og da massagen virker afstressende, giver det dig fornyet energi i hverdagen. 30 min. 350 kr. 45 min. [...]\" \/>\n<meta property=\"og:url\" content=\"https:\/\/massageimaalov.dk\/?page_id=1514\" \/>\n<meta property=\"article:modified_time\" content=\"2025-02-21T12:09:41+00:00\" \/>\n<meta name=\"twitter:card\" content=\"summary_large_image\" \/>\n<meta name=\"twitter:label1\" content=\"Estimeret l\u00e6setid\" \/>\n\t<meta name=\"twitter:data1\" content=\"2 minutter\" \/>\n<script type=\"application\/ld+json\" class=\"yoast-schema-graph\">{\"@context\":\"https:\/\/schema.org\",\"@graph\":[{\"@type\":\"WebPage\",\"@id\":\"https:\/\/massageimaalov.dk\/?page_id=1514\",\"url\":\"https:\/\/massageimaalov.dk\/?page_id=1514\",\"name\":\"Prisliste -\",\"isPartOf\":{\"@id\":\"https:\/\/massageimaalov.dk\/#website\"},\"datePublished\":\"2023-05-05T19:43:33+00:00\",\"dateModified\":\"2025-02-21T12:09:41+00:00\",\"breadcrumb\":{\"@id\":\"https:\/\/massageimaalov.dk\/?page_id=1514#breadcrumb\"},\"inLanguage\":\"da-DK\",\"potentialAction\":[{\"@type\":\"ReadAction\",\"target\":[\"https:\/\/massageimaalov.dk\/?page_id=1514\"]}]},{\"@type\":\"BreadcrumbList\",\"@id\":\"https:\/\/massageimaalov.dk\/?page_id=1514#breadcrumb\",\"itemListElement\":[{\"@type\":\"ListItem\",\"position\":1,\"name\":\"Hjem\",\"item\":\"https:\/\/massageimaalov.dk\/\"},{\"@type\":\"ListItem\",\"position\":2,\"name\":\"Prisliste\"}]},{\"@type\":\"WebSite\",\"@id\":\"https:\/\/massageimaalov.dk\/#website\",\"url\":\"https:\/\/massageimaalov.dk\/\",\"name\":\"M\u00e5l\u00f8v Muskel Massage\",\"description\":\"\",\"potentialAction\":[{\"@type\":\"SearchAction\",\"target\":{\"@type\":\"EntryPoint\",\"urlTemplate\":\"https:\/\/massageimaalov.dk\/?s={search_term_string}\"},\"query-input\":{\"@type\":\"PropertyValueSpecification\",\"valueRequired\":true,\"valueName\":\"search_term_string\"}}],\"inLanguage\":\"da-DK\"}]}<\/script>\n<!-- \/ Yoast SEO Premium plugin. -->","yoast_head_json":{"title":"Prisliste -","robots":{"index":"index","follow":"follow","max-snippet":"max-snippet:-1","max-image-preview":"max-image-preview:large","max-video-preview":"max-video-preview:-1"},"canonical":"https:\/\/massageimaalov.dk\/?page_id=1514","og_locale":"da_DK","og_type":"article","og_title":"Prisliste","og_description":"Velv\u00e6re massage Hvis du tr\u00e6nger til at fork\u00e6le dig selv eller en du holder af, kan det v\u00e6re en rigtig god ide at bestille tid til velv\u00e6remassage. Du slipper af med un\u00f8dvendige sp\u00e6ndinger, du bliver mere afslappet og da massagen virker afstressende, giver det dig fornyet energi i hverdagen. 30 min. 350 kr. 45 min. [...]","og_url":"https:\/\/massageimaalov.dk\/?page_id=1514","article_modified_time":"2025-02-21T12:09:41+00:00","twitter_card":"summary_large_image","twitter_misc":{"Estimeret l\u00e6setid":"2 minutter"},"schema":{"@context":"https:\/\/schema.org","@graph":[{"@type":"WebPage","@id":"https:\/\/massageimaalov.dk\/?page_id=1514","url":"https:\/\/massageimaalov.dk\/?page_id=1514","name":"Prisliste -","isPartOf":{"@id":"https:\/\/massageimaalov.dk\/#website"},"datePublished":"2023-05-05T19:43:33+00:00","dateModified":"2025-02-21T12:09:41+00:00","breadcrumb":{"@id":"https:\/\/massageimaalov.dk\/?page_id=1514#breadcrumb"},"inLanguage":"da-DK","potentialAction":[{"@type":"ReadAction","target":["https:\/\/massageimaalov.dk\/?page_id=1514"]}]},{"@type":"BreadcrumbList","@id":"https:\/\/massageimaalov.dk\/?page_id=1514#breadcrumb","itemListElement":[{"@type":"ListItem","position":1,"name":"Hjem","item":"https:\/\/massageimaalov.dk\/"},{"@type":"ListItem","position":2,"name":"Prisliste"}]},{"@type":"WebSite","@id":"https:\/\/massageimaalov.dk\/#website","url":"https:\/\/massageimaalov.dk\/","name":"M\u00e5l\u00f8v Muskel Massage","description":"","potentialAction":[{"@type":"SearchAction","target":{"@type":"EntryPoint","urlTemplate":"https:\/\/massageimaalov.dk\/?s={search_term_string}"},"query-input":{"@type":"PropertyValueSpecification","valueRequired":true,"valueName":"search_term_string"}}],"inLanguage":"da-DK"}]}},"_links":{"self":[{"href":"https:\/\/massageimaalov.dk\/index.php?rest_route=\/wp\/v2\/pages\/1514","targetHints":{"allow":["GET"]}}],"collection":[{"href":"https:\/\/massageimaalov.dk\/index.php?rest_route=\/wp\/v2\/pages"}],"about":[{"href":"https:\/\/massageimaalov.dk\/index.php?rest_route=\/wp\/v2\/types\/page"}],"author":[{"embeddable":true,"href":"https:\/\/massageimaalov.dk\/index.php?rest_route=\/wp\/v2\/users\/1"}],"replies":[{"embeddable":true,"href":"https:\/\/massageimaalov.dk\/index.php?rest_route=%2Fwp%2Fv2%2Fcomments&post=1514"}],"version-history":[{"count":140,"href":"https:\/\/massageimaalov.dk\/index.php?rest_route=\/wp\/v2\/pages\/1514\/revisions"}],"predecessor-version":[{"id":2156,"href":"https:\/\/massageimaalov.dk\/index.php?rest_route=\/wp\/v2\/pages\/1514\/revisions\/2156"}],"wp:attachment":[{"href":"https:\/\/massageimaalov.dk\/index.php?rest_route=%2Fwp%2Fv2%2Fmedia&parent=1514"}],"curies":[{"name":"wp","href":"https:\/\/api.w.org\/{rel}","templated":true}]}}