{"id":1464,"date":"2023-05-02T10:21:34","date_gmt":"2023-05-02T10:21:34","guid":{"rendered":"https:\/\/massageimaalov.dk\/?page_id=1464"},"modified":"2023-05-05T14:06:52","modified_gmt":"2023-05-05T14:06:52","slug":"massage-til-born-og-unge","status":"publish","type":"page","link":"https:\/\/massageimaalov.dk\/?page_id=1464","title":{"rendered":"Sportsmassage til b\u00f8rn og unge"},"content":{"rendered":"<p><a name=\"_heading=h.pzawhuvmq6h\"><\/a><\/p>\n<h2>Sportsmassage til b\u00f8rn og unge \u2013 til en s\u00e6rligt god pris<\/h2>\n<p style=\"font-weight: 400;\">Uanset om dit barn dyrker idr\u00e6t p\u00e5 h\u00f8jt niveau eller bare har fart p\u00e5 i skoleg\u00e5rden, kan en sportsmassage v\u00e6re med til at l\u00f8sne kroppen op og lindre \u00f8mme muskler. <\/p>\n<p>Det betyder meget for mig at kunne st\u00f8tte b\u00f8rn og unge i at v\u00e6re aktive og f\u00f8lge deres passion, og det er vigtigt for mig, at alle har mulighed for at f\u00e5 den behandling, de har brug for. Derfor har jeg en s\u00e6rligt lav pris p\u00e5 massagebehandlinger til b\u00f8rn og unge.<\/p>\n<h2>Sport \u2013 eller bare et aktivt barn?<\/h2>\n<p>Selvom b\u00f8rn og unge har en frisk, st\u00e6rk krop, bliver de ogs\u00e5 ramt af \u00f8mhed, sp\u00e6ndinger og stive muskler af og til. <br \/>Uanset om dit barn dyrker sport p\u00e5 h\u00f8jt niveau eller bare har v\u00e6ret i gang i skoleg\u00e5rden, er \u00f8mme muskler helt normalt \u2013 men det er ikke behageligt. <br \/>En massagebehandling kan lindre \u00f8mheden og hj\u00e6lpe barnet med hurtigere at f\u00f8le sig tilpas og klar til mere aktiv leg. <\/p>\n<h2>Dyrker dit barn konkurrencesport?<\/h2>\n<p>Aktive b\u00f8rn, der bruger mange timer om ugen p\u00e5 deres sport, har tit \u00f8mme muskler efter h\u00e5rd tr\u00e6ning eller en weekend med kamp eller st\u00e6vne. Nerv\u00f8sitet op til s\u00e6rligt vigtige kampe og st\u00e6vner kan ogs\u00e5 s\u00e6tte sig som sp\u00e6ndinger i kroppen, der er sv\u00e6re at slippe af med. <\/p>\n<p>Hvis du kan m\u00e6rke, at dit barn har brug for lidt ekstra for at f\u00e5 kroppen helt klar til en s\u00e6rligt vigtig weekend, eller du m\u00e6rker, at dit barn er nerv\u00f8st, kan en sportsmassage hj\u00e6lpe med at f\u00e5 kroppen og musklerne til at slappe af, s\u00e5 dit barn har bedst mulige vilk\u00e5r for at opn\u00e5 det resultat, som han eller hun har sat sig for. <\/p>\n<p>Har dit barn v\u00e6ret til st\u00e6vne, kamp eller p\u00e5 tr\u00e6ningslejr, kan en sportsmassage ogs\u00e5 v\u00e6re en god id\u00e9 for at give barnet lidt ekstra velv\u00e6re og samtidig hj\u00e6lpe kroppen til hurtigere at v\u00e6re klar til den daglige tr\u00e6ning igen.<\/p>\n","protected":false},"excerpt":{"rendered":"<p>Sportsmassage til b\u00f8rn og unge \u2013 til en s\u00e6rligt god pris Uanset om dit barn dyrker idr\u00e6t p\u00e5 h\u00f8jt niveau eller bare har fart p\u00e5 i skoleg\u00e5rden, kan en sportsmassage v\u00e6re med til at l\u00f8sne kroppen op og lindre \u00f8mme muskler. Det betyder meget for mig at kunne st\u00f8tte b\u00f8rn og unge i at v\u00e6re [&#8230;]\n","protected":false},"author":1,"featured_media":1470,"parent":0,"menu_order":0,"comment_status":"closed","ping_status":"closed","template":"elementor_header_footer","meta":{"footnotes":""},"class_list":["post-1464","page","type-page","status-publish","has-post-thumbnail","hentry"],"yoast_head":"<!-- This site is optimized with the Yoast SEO Premium plugin v26.7 (Yoast SEO v26.7) - https:\/\/yoast.com\/wordpress\/plugins\/seo\/ -->\n<title>Sportsmassage til b\u00f8rn og unge -<\/title>\n<meta name=\"robots\" content=\"index, follow, max-snippet:-1, max-image-preview:large, max-video-preview:-1\" \/>\n<link rel=\"canonical\" href=\"https:\/\/massageimaalov.dk\/?page_id=1464\" \/>\n<meta property=\"og:locale\" content=\"da_DK\" \/>\n<meta property=\"og:type\" content=\"article\" \/>\n<meta property=\"og:title\" content=\"Sportsmassage til b\u00f8rn og unge\" \/>\n<meta property=\"og:description\" content=\"Sportsmassage til b\u00f8rn og unge \u2013 til en s\u00e6rligt god pris Uanset om dit barn dyrker idr\u00e6t p\u00e5 h\u00f8jt niveau eller bare har fart p\u00e5 i skoleg\u00e5rden, kan en sportsmassage v\u00e6re med til at l\u00f8sne kroppen op og lindre \u00f8mme muskler. Det betyder meget for mig at kunne st\u00f8tte b\u00f8rn og unge i at v\u00e6re [...]\" \/>\n<meta property=\"og:url\" content=\"https:\/\/massageimaalov.dk\/?page_id=1464\" \/>\n<meta property=\"article:modified_time\" content=\"2023-05-05T14:06:52+00:00\" \/>\n<meta property=\"og:image\" content=\"https:\/\/massageimaalov.dk\/wp-content\/uploads\/2023\/05\/Sportsmassage.png\" \/>\n\t<meta property=\"og:image:width\" content=\"1500\" \/>\n\t<meta property=\"og:image:height\" content=\"430\" \/>\n\t<meta property=\"og:image:type\" content=\"image\/png\" \/>\n<meta name=\"twitter:card\" content=\"summary_large_image\" \/>\n<meta name=\"twitter:label1\" content=\"Estimeret l\u00e6setid\" \/>\n\t<meta name=\"twitter:data1\" content=\"2 minutter\" \/>\n<script type=\"application\/ld+json\" class=\"yoast-schema-graph\">{\"@context\":\"https:\/\/schema.org\",\"@graph\":[{\"@type\":\"WebPage\",\"@id\":\"https:\/\/massageimaalov.dk\/?page_id=1464\",\"url\":\"https:\/\/massageimaalov.dk\/?page_id=1464\",\"name\":\"Sportsmassage til b\u00f8rn og unge -\",\"isPartOf\":{\"@id\":\"https:\/\/massageimaalov.dk\/#website\"},\"primaryImageOfPage\":{\"@id\":\"https:\/\/massageimaalov.dk\/?page_id=1464#primaryimage\"},\"image\":{\"@id\":\"https:\/\/massageimaalov.dk\/?page_id=1464#primaryimage\"},\"thumbnailUrl\":\"https:\/\/massageimaalov.dk\/wp-content\/uploads\/2023\/05\/Sportsmassage.png\",\"datePublished\":\"2023-05-02T10:21:34+00:00\",\"dateModified\":\"2023-05-05T14:06:52+00:00\",\"breadcrumb\":{\"@id\":\"https:\/\/massageimaalov.dk\/?page_id=1464#breadcrumb\"},\"inLanguage\":\"da-DK\",\"potentialAction\":[{\"@type\":\"ReadAction\",\"target\":[\"https:\/\/massageimaalov.dk\/?page_id=1464\"]}]},{\"@type\":\"ImageObject\",\"inLanguage\":\"da-DK\",\"@id\":\"https:\/\/massageimaalov.dk\/?page_id=1464#primaryimage\",\"url\":\"https:\/\/massageimaalov.dk\/wp-content\/uploads\/2023\/05\/Sportsmassage.png\",\"contentUrl\":\"https:\/\/massageimaalov.dk\/wp-content\/uploads\/2023\/05\/Sportsmassage.png\",\"width\":1500,\"height\":430},{\"@type\":\"BreadcrumbList\",\"@id\":\"https:\/\/massageimaalov.dk\/?page_id=1464#breadcrumb\",\"itemListElement\":[{\"@type\":\"ListItem\",\"position\":1,\"name\":\"Hjem\",\"item\":\"https:\/\/massageimaalov.dk\/\"},{\"@type\":\"ListItem\",\"position\":2,\"name\":\"Sportsmassage til b\u00f8rn og unge\"}]},{\"@type\":\"WebSite\",\"@id\":\"https:\/\/massageimaalov.dk\/#website\",\"url\":\"https:\/\/massageimaalov.dk\/\",\"name\":\"M\u00e5l\u00f8v Muskel Massage\",\"description\":\"\",\"potentialAction\":[{\"@type\":\"SearchAction\",\"target\":{\"@type\":\"EntryPoint\",\"urlTemplate\":\"https:\/\/massageimaalov.dk\/?s={search_term_string}\"},\"query-input\":{\"@type\":\"PropertyValueSpecification\",\"valueRequired\":true,\"valueName\":\"search_term_string\"}}],\"inLanguage\":\"da-DK\"}]}<\/script>\n<!-- \/ Yoast SEO Premium plugin. -->","yoast_head_json":{"title":"Sportsmassage til b\u00f8rn og unge -","robots":{"index":"index","follow":"follow","max-snippet":"max-snippet:-1","max-image-preview":"max-image-preview:large","max-video-preview":"max-video-preview:-1"},"canonical":"https:\/\/massageimaalov.dk\/?page_id=1464","og_locale":"da_DK","og_type":"article","og_title":"Sportsmassage til b\u00f8rn og unge","og_description":"Sportsmassage til b\u00f8rn og unge \u2013 til en s\u00e6rligt god pris Uanset om dit barn dyrker idr\u00e6t p\u00e5 h\u00f8jt niveau eller bare har fart p\u00e5 i skoleg\u00e5rden, kan en sportsmassage v\u00e6re med til at l\u00f8sne kroppen op og lindre \u00f8mme muskler. Det betyder meget for mig at kunne st\u00f8tte b\u00f8rn og unge i at v\u00e6re [...]","og_url":"https:\/\/massageimaalov.dk\/?page_id=1464","article_modified_time":"2023-05-05T14:06:52+00:00","og_image":[{"width":1500,"height":430,"url":"https:\/\/massageimaalov.dk\/wp-content\/uploads\/2023\/05\/Sportsmassage.png","type":"image\/png"}],"twitter_card":"summary_large_image","twitter_misc":{"Estimeret l\u00e6setid":"2 minutter"},"schema":{"@context":"https:\/\/schema.org","@graph":[{"@type":"WebPage","@id":"https:\/\/massageimaalov.dk\/?page_id=1464","url":"https:\/\/massageimaalov.dk\/?page_id=1464","name":"Sportsmassage til b\u00f8rn og unge -","isPartOf":{"@id":"https:\/\/massageimaalov.dk\/#website"},"primaryImageOfPage":{"@id":"https:\/\/massageimaalov.dk\/?page_id=1464#primaryimage"},"image":{"@id":"https:\/\/massageimaalov.dk\/?page_id=1464#primaryimage"},"thumbnailUrl":"https:\/\/massageimaalov.dk\/wp-content\/uploads\/2023\/05\/Sportsmassage.png","datePublished":"2023-05-02T10:21:34+00:00","dateModified":"2023-05-05T14:06:52+00:00","breadcrumb":{"@id":"https:\/\/massageimaalov.dk\/?page_id=1464#breadcrumb"},"inLanguage":"da-DK","potentialAction":[{"@type":"ReadAction","target":["https:\/\/massageimaalov.dk\/?page_id=1464"]}]},{"@type":"ImageObject","inLanguage":"da-DK","@id":"https:\/\/massageimaalov.dk\/?page_id=1464#primaryimage","url":"https:\/\/massageimaalov.dk\/wp-content\/uploads\/2023\/05\/Sportsmassage.png","contentUrl":"https:\/\/massageimaalov.dk\/wp-content\/uploads\/2023\/05\/Sportsmassage.png","width":1500,"height":430},{"@type":"BreadcrumbList","@id":"https:\/\/massageimaalov.dk\/?page_id=1464#breadcrumb","itemListElement":[{"@type":"ListItem","position":1,"name":"Hjem","item":"https:\/\/massageimaalov.dk\/"},{"@type":"ListItem","position":2,"name":"Sportsmassage til b\u00f8rn og unge"}]},{"@type":"WebSite","@id":"https:\/\/massageimaalov.dk\/#website","url":"https:\/\/massageimaalov.dk\/","name":"M\u00e5l\u00f8v Muskel Massage","description":"","potentialAction":[{"@type":"SearchAction","target":{"@type":"EntryPoint","urlTemplate":"https:\/\/massageimaalov.dk\/?s={search_term_string}"},"query-input":{"@type":"PropertyValueSpecification","valueRequired":true,"valueName":"search_term_string"}}],"inLanguage":"da-DK"}]}},"_links":{"self":[{"href":"https:\/\/massageimaalov.dk\/index.php?rest_route=\/wp\/v2\/pages\/1464","targetHints":{"allow":["GET"]}}],"collection":[{"href":"https:\/\/massageimaalov.dk\/index.php?rest_route=\/wp\/v2\/pages"}],"about":[{"href":"https:\/\/massageimaalov.dk\/index.php?rest_route=\/wp\/v2\/types\/page"}],"author":[{"embeddable":true,"href":"https:\/\/massageimaalov.dk\/index.php?rest_route=\/wp\/v2\/users\/1"}],"replies":[{"embeddable":true,"href":"https:\/\/massageimaalov.dk\/index.php?rest_route=%2Fwp%2Fv2%2Fcomments&post=1464"}],"version-history":[{"count":9,"href":"https:\/\/massageimaalov.dk\/index.php?rest_route=\/wp\/v2\/pages\/1464\/revisions"}],"predecessor-version":[{"id":1481,"href":"https:\/\/massageimaalov.dk\/index.php?rest_route=\/wp\/v2\/pages\/1464\/revisions\/1481"}],"wp:featuredmedia":[{"embeddable":true,"href":"https:\/\/massageimaalov.dk\/index.php?rest_route=\/wp\/v2\/media\/1470"}],"wp:attachment":[{"href":"https:\/\/massageimaalov.dk\/index.php?rest_route=%2Fwp%2Fv2%2Fmedia&parent=1464"}],"curies":[{"name":"wp","href":"https:\/\/api.w.org\/{rel}","templated":true}]}}