{"id":110,"date":"2016-05-05T16:15:30","date_gmt":"2016-05-05T16:15:30","guid":{"rendered":"http:\/\/massageimaalov.dk\/?page_id=110"},"modified":"2023-05-05T19:37:15","modified_gmt":"2023-05-05T19:37:15","slug":"om","status":"publish","type":"page","link":"https:\/\/massageimaalov.dk\/?page_id=110","title":{"rendered":"Om mig"},"content":{"rendered":"<p>Massagens aller vigtigste opgave er at forebygge og behandle muskelsp\u00e6ndinger, afstresse og skabe \u00f8get velv\u00e6re, for b\u00e5de krop og sj\u00e6l.<\/p>\n<p><!--more--><\/p>\n<p><a href=\"https:\/\/massageimaalov.dk\/wp-content\/uploads\/2022\/05\/IMG_3623.png\"><img loading=\"lazy\" decoding=\"async\" class=\"alignleft wp-image-1197\" src=\"https:\/\/massageimaalov.dk\/wp-content\/uploads\/2022\/05\/IMG_3623.png\" alt=\"\" width=\"356\" height=\"475\" data-wp-imgselect=\"1\" srcset=\"https:\/\/massageimaalov.dk\/wp-content\/uploads\/2022\/05\/IMG_3623.png 3024w, https:\/\/massageimaalov.dk\/wp-content\/uploads\/2022\/05\/IMG_3623-225x300.png 225w, https:\/\/massageimaalov.dk\/wp-content\/uploads\/2022\/05\/IMG_3623-768x1024.png 768w, https:\/\/massageimaalov.dk\/wp-content\/uploads\/2022\/05\/IMG_3623-1152x1536.png 1152w, https:\/\/massageimaalov.dk\/wp-content\/uploads\/2022\/05\/IMG_3623-1536x2048.png 1536w\" sizes=\"auto, (max-width: 356px) 100vw, 356px\" \/><\/a><\/p>\n<p><i>Mit navn er Tina Bangs\u00f8, 53 \u00e5r. Uddannet marts 2006 som eksamineret mass\u00f8r. og april 2018 blev jeg uddannet Kropsterapeut.<\/i><\/p>\n<p><i>Jeg har haft klinik i Slagelse og Fuglebjerg indtil 2012, hvor jeg flyttede her til M\u00e5l\u00f8v.<\/i><\/p>\n<p>Siden 2016 har jeg haft klinikken M\u00e5l\u00f8v Muskel Massage, og i 2018 udvidet min butik med Sport Massage M\u00e5l\u00f8v<\/p>\n<p><i>Gl\u00e6der mig til at se dig i min lille klinik.<\/i><\/p>\n<p><i>Med venlig hilsen<\/i><\/p>\n<p><em>Tina Bangs\u00f8<\/em><\/p>\n","protected":false},"excerpt":{"rendered":"<p>Massagens aller vigtigste opgave er at forebygge og behandle muskelsp\u00e6ndinger, afstresse og skabe \u00f8get velv\u00e6re, for b\u00e5de krop og sj\u00e6l.<\/p>\n","protected":false},"author":1,"featured_media":39,"parent":0,"menu_order":0,"comment_status":"closed","ping_status":"closed","template":"full-width.php","meta":{"footnotes":""},"class_list":["post-110","page","type-page","status-publish","has-post-thumbnail","hentry"],"yoast_head":"<!-- This site is optimized with the Yoast SEO Premium plugin v26.7 (Yoast SEO v26.7) - https:\/\/yoast.com\/wordpress\/plugins\/seo\/ -->\n<title>Om mig -<\/title>\n<meta name=\"robots\" content=\"index, follow, max-snippet:-1, max-image-preview:large, max-video-preview:-1\" \/>\n<link rel=\"canonical\" href=\"https:\/\/massageimaalov.dk\/?page_id=110\" \/>\n<meta property=\"og:locale\" content=\"da_DK\" \/>\n<meta property=\"og:type\" content=\"article\" \/>\n<meta property=\"og:title\" content=\"Om mig\" \/>\n<meta property=\"og:description\" content=\"Massagens aller vigtigste opgave er at forebygge og behandle muskelsp\u00e6ndinger, afstresse og skabe \u00f8get velv\u00e6re, for b\u00e5de krop og sj\u00e6l.\" \/>\n<meta property=\"og:url\" content=\"https:\/\/massageimaalov.dk\/?page_id=110\" \/>\n<meta property=\"article:modified_time\" content=\"2023-05-05T19:37:15+00:00\" \/>\n<meta property=\"og:image\" content=\"https:\/\/massageimaalov.dk\/wp-content\/uploads\/2016\/04\/Haandklaeder_lys_600x316.jpg\" \/>\n\t<meta property=\"og:image:width\" content=\"600\" \/>\n\t<meta property=\"og:image:height\" content=\"316\" \/>\n\t<meta property=\"og:image:type\" content=\"image\/jpeg\" \/>\n<meta name=\"twitter:card\" content=\"summary_large_image\" \/>\n<script type=\"application\/ld+json\" class=\"yoast-schema-graph\">{\"@context\":\"https:\/\/schema.org\",\"@graph\":[{\"@type\":\"WebPage\",\"@id\":\"https:\/\/massageimaalov.dk\/?page_id=110\",\"url\":\"https:\/\/massageimaalov.dk\/?page_id=110\",\"name\":\"Om mig -\",\"isPartOf\":{\"@id\":\"https:\/\/massageimaalov.dk\/#website\"},\"primaryImageOfPage\":{\"@id\":\"https:\/\/massageimaalov.dk\/?page_id=110#primaryimage\"},\"image\":{\"@id\":\"https:\/\/massageimaalov.dk\/?page_id=110#primaryimage\"},\"thumbnailUrl\":\"https:\/\/massageimaalov.dk\/wp-content\/uploads\/2016\/04\/Haandklaeder_lys_600x316.jpg\",\"datePublished\":\"2016-05-05T16:15:30+00:00\",\"dateModified\":\"2023-05-05T19:37:15+00:00\",\"breadcrumb\":{\"@id\":\"https:\/\/massageimaalov.dk\/?page_id=110#breadcrumb\"},\"inLanguage\":\"da-DK\",\"potentialAction\":[{\"@type\":\"ReadAction\",\"target\":[\"https:\/\/massageimaalov.dk\/?page_id=110\"]}]},{\"@type\":\"ImageObject\",\"inLanguage\":\"da-DK\",\"@id\":\"https:\/\/massageimaalov.dk\/?page_id=110#primaryimage\",\"url\":\"https:\/\/massageimaalov.dk\/wp-content\/uploads\/2016\/04\/Haandklaeder_lys_600x316.jpg\",\"contentUrl\":\"https:\/\/massageimaalov.dk\/wp-content\/uploads\/2016\/04\/Haandklaeder_lys_600x316.jpg\",\"width\":600,\"height\":316},{\"@type\":\"BreadcrumbList\",\"@id\":\"https:\/\/massageimaalov.dk\/?page_id=110#breadcrumb\",\"itemListElement\":[{\"@type\":\"ListItem\",\"position\":1,\"name\":\"Hjem\",\"item\":\"https:\/\/massageimaalov.dk\/\"},{\"@type\":\"ListItem\",\"position\":2,\"name\":\"Om mig\"}]},{\"@type\":\"WebSite\",\"@id\":\"https:\/\/massageimaalov.dk\/#website\",\"url\":\"https:\/\/massageimaalov.dk\/\",\"name\":\"M\u00e5l\u00f8v Muskel Massage\",\"description\":\"\",\"potentialAction\":[{\"@type\":\"SearchAction\",\"target\":{\"@type\":\"EntryPoint\",\"urlTemplate\":\"https:\/\/massageimaalov.dk\/?s={search_term_string}\"},\"query-input\":{\"@type\":\"PropertyValueSpecification\",\"valueRequired\":true,\"valueName\":\"search_term_string\"}}],\"inLanguage\":\"da-DK\"}]}<\/script>\n<!-- \/ Yoast SEO Premium plugin. -->","yoast_head_json":{"title":"Om mig -","robots":{"index":"index","follow":"follow","max-snippet":"max-snippet:-1","max-image-preview":"max-image-preview:large","max-video-preview":"max-video-preview:-1"},"canonical":"https:\/\/massageimaalov.dk\/?page_id=110","og_locale":"da_DK","og_type":"article","og_title":"Om mig","og_description":"Massagens aller vigtigste opgave er at forebygge og behandle muskelsp\u00e6ndinger, afstresse og skabe \u00f8get velv\u00e6re, for b\u00e5de krop og sj\u00e6l.","og_url":"https:\/\/massageimaalov.dk\/?page_id=110","article_modified_time":"2023-05-05T19:37:15+00:00","og_image":[{"width":600,"height":316,"url":"https:\/\/massageimaalov.dk\/wp-content\/uploads\/2016\/04\/Haandklaeder_lys_600x316.jpg","type":"image\/jpeg"}],"twitter_card":"summary_large_image","schema":{"@context":"https:\/\/schema.org","@graph":[{"@type":"WebPage","@id":"https:\/\/massageimaalov.dk\/?page_id=110","url":"https:\/\/massageimaalov.dk\/?page_id=110","name":"Om mig -","isPartOf":{"@id":"https:\/\/massageimaalov.dk\/#website"},"primaryImageOfPage":{"@id":"https:\/\/massageimaalov.dk\/?page_id=110#primaryimage"},"image":{"@id":"https:\/\/massageimaalov.dk\/?page_id=110#primaryimage"},"thumbnailUrl":"https:\/\/massageimaalov.dk\/wp-content\/uploads\/2016\/04\/Haandklaeder_lys_600x316.jpg","datePublished":"2016-05-05T16:15:30+00:00","dateModified":"2023-05-05T19:37:15+00:00","breadcrumb":{"@id":"https:\/\/massageimaalov.dk\/?page_id=110#breadcrumb"},"inLanguage":"da-DK","potentialAction":[{"@type":"ReadAction","target":["https:\/\/massageimaalov.dk\/?page_id=110"]}]},{"@type":"ImageObject","inLanguage":"da-DK","@id":"https:\/\/massageimaalov.dk\/?page_id=110#primaryimage","url":"https:\/\/massageimaalov.dk\/wp-content\/uploads\/2016\/04\/Haandklaeder_lys_600x316.jpg","contentUrl":"https:\/\/massageimaalov.dk\/wp-content\/uploads\/2016\/04\/Haandklaeder_lys_600x316.jpg","width":600,"height":316},{"@type":"BreadcrumbList","@id":"https:\/\/massageimaalov.dk\/?page_id=110#breadcrumb","itemListElement":[{"@type":"ListItem","position":1,"name":"Hjem","item":"https:\/\/massageimaalov.dk\/"},{"@type":"ListItem","position":2,"name":"Om mig"}]},{"@type":"WebSite","@id":"https:\/\/massageimaalov.dk\/#website","url":"https:\/\/massageimaalov.dk\/","name":"M\u00e5l\u00f8v Muskel Massage","description":"","potentialAction":[{"@type":"SearchAction","target":{"@type":"EntryPoint","urlTemplate":"https:\/\/massageimaalov.dk\/?s={search_term_string}"},"query-input":{"@type":"PropertyValueSpecification","valueRequired":true,"valueName":"search_term_string"}}],"inLanguage":"da-DK"}]}},"_links":{"self":[{"href":"https:\/\/massageimaalov.dk\/index.php?rest_route=\/wp\/v2\/pages\/110","targetHints":{"allow":["GET"]}}],"collection":[{"href":"https:\/\/massageimaalov.dk\/index.php?rest_route=\/wp\/v2\/pages"}],"about":[{"href":"https:\/\/massageimaalov.dk\/index.php?rest_route=\/wp\/v2\/types\/page"}],"author":[{"embeddable":true,"href":"https:\/\/massageimaalov.dk\/index.php?rest_route=\/wp\/v2\/users\/1"}],"replies":[{"embeddable":true,"href":"https:\/\/massageimaalov.dk\/index.php?rest_route=%2Fwp%2Fv2%2Fcomments&post=110"}],"version-history":[{"count":26,"href":"https:\/\/massageimaalov.dk\/index.php?rest_route=\/wp\/v2\/pages\/110\/revisions"}],"predecessor-version":[{"id":1513,"href":"https:\/\/massageimaalov.dk\/index.php?rest_route=\/wp\/v2\/pages\/110\/revisions\/1513"}],"wp:featuredmedia":[{"embeddable":true,"href":"https:\/\/massageimaalov.dk\/index.php?rest_route=\/wp\/v2\/media\/39"}],"wp:attachment":[{"href":"https:\/\/massageimaalov.dk\/index.php?rest_route=%2Fwp%2Fv2%2Fmedia&parent=110"}],"curies":[{"name":"wp","href":"https:\/\/api.w.org\/{rel}","templated":true}]}}